{"id":144,"date":"2020-02-09T12:46:56","date_gmt":"2020-02-09T12:46:56","guid":{"rendered":"http:\/\/sai-vital.de\/?page_id=144"},"modified":"2020-03-10T15:31:57","modified_gmt":"2020-03-10T15:31:57","slug":"news","status":"publish","type":"page","link":"https:\/\/sai-vital.de\/?page_id=144","title":{"rendered":"News"},"content":{"rendered":"\n<p><strong>Sai Vital im M\u00e4rz<\/strong><\/p>\n\n\n\n<p>Kopp-Verlag:&nbsp;Eilmeldung: Die Wunderwaffe der Natur gegen Corona-Virus!<\/p>\n\n\n\n<figure class=\"wp-block-image size-large\"><img loading=\"lazy\" decoding=\"async\" width=\"600\" height=\"896\" src=\"http:\/\/sai-vital.de\/wp-content\/uploads\/2020\/03\/Koppcorona.jpg\" alt=\"\" class=\"wp-image-357\" srcset=\"https:\/\/sai-vital.de\/wp-content\/uploads\/2020\/03\/Koppcorona.jpg 600w, https:\/\/sai-vital.de\/wp-content\/uploads\/2020\/03\/Koppcorona-201x300.jpg 201w\" sizes=\"(max-width: 600px) 100vw, 600px\" \/><\/figure>\n\n\n\n<p><em>Verehrte Kunden*innen!<\/em><br>Sai Vital. Das ist der beste k\u00f6rpereigene Schutz&#8230;.<br>Vitamine und Mineralien, K\u00f6rperhygiene, insbesondere gr\u00fcndliches H\u00e4ndewaschen, geistige Ausgerichtetheit und innere Ruhe durch Meditation und Anbindung an heilige F\u00fchrer*innen, die Ihnen etwas bedeuten, und Halt und F\u00fchrung vermitteln<\/p>\n\n\n\n<p><strong>Camu Camu von Sai Vital&#8230;.<\/strong><br>Versorgen Sie sich mit Vitaminen A, B, C, D, Zimt, Selen, Zink etc.<br>St\u00e4rken Sie ihr Immunsystem.<\/p>\n\n\n\n<p>Dazu muss nat\u00fcrlich Ihr Darm gut drauf sein. Reinigen und st\u00e4rken Sie ihn<br>Einl\u00e4ufe, <strong>Sai-Vital P-BEntonit<\/strong>, und anschlie\u00dfend <strong>Sai Vital Darm<\/strong>!<\/p>\n\n\n\n<p>Das ist mit das Beste, das Sie f\u00fcr sich \/ Ihren K\u00f6rper tun k\u00f6nnen<\/p>\n\n\n\n<p>Freundliche Gr\u00fcsse<br>Sai Vital<br>Martin H\u00f6nig<\/p>\n","protected":false},"excerpt":{"rendered":"<p>Sai Vital im M\u00e4rz Kopp-Verlag:&nbsp;Eilmeldung: Die Wunderwaffe der Natur gegen Corona-Virus! Verehrte Kunden*innen!Sai Vital. Das ist der beste k\u00f6rpereigene Schutz&#8230;.Vitamine und Mineralien, K\u00f6rperhygiene, insbesondere gr\u00fcndliches H\u00e4ndewaschen, geistige Ausgerichtetheit und innere Ruhe durch Meditation und Anbindung an heilige F\u00fchrer*innen, die Ihnen etwas bedeuten, und Halt und F\u00fchrung vermitteln Camu Camu von Sai Vital&#8230;.Versorgen Sie sich mit &hellip; <\/p>\n<p class=\"link-more\"><a href=\"https:\/\/sai-vital.de\/?page_id=144\" class=\"more-link\"><span class=\"screen-reader-text\">\u201eNews\u201c <\/span>weiterlesen<\/a><\/p>\n","protected":false},"author":1,"featured_media":149,"parent":0,"menu_order":0,"comment_status":"closed","ping_status":"closed","template":"","meta":{"footnotes":""},"_links":{"self":[{"href":"https:\/\/sai-vital.de\/index.php?rest_route=\/wp\/v2\/pages\/144"}],"collection":[{"href":"https:\/\/sai-vital.de\/index.php?rest_route=\/wp\/v2\/pages"}],"about":[{"href":"https:\/\/sai-vital.de\/index.php?rest_route=\/wp\/v2\/types\/page"}],"author":[{"embeddable":true,"href":"https:\/\/sai-vital.de\/index.php?rest_route=\/wp\/v2\/users\/1"}],"replies":[{"embeddable":true,"href":"https:\/\/sai-vital.de\/index.php?rest_route=%2Fwp%2Fv2%2Fcomments&post=144"}],"version-history":[{"count":7,"href":"https:\/\/sai-vital.de\/index.php?rest_route=\/wp\/v2\/pages\/144\/revisions"}],"predecessor-version":[{"id":358,"href":"https:\/\/sai-vital.de\/index.php?rest_route=\/wp\/v2\/pages\/144\/revisions\/358"}],"wp:featuredmedia":[{"embeddable":true,"href":"https:\/\/sai-vital.de\/index.php?rest_route=\/wp\/v2\/media\/149"}],"wp:attachment":[{"href":"https:\/\/sai-vital.de\/index.php?rest_route=%2Fwp%2Fv2%2Fmedia&parent=144"}],"curies":[{"name":"wp","href":"https:\/\/api.w.org\/{rel}","templated":true}]}}