{"id":165,"date":"2020-02-09T19:35:00","date_gmt":"2020-02-09T19:35:00","guid":{"rendered":"http:\/\/sai-vital.de\/?page_id=165"},"modified":"2020-02-18T09:51:44","modified_gmt":"2020-02-18T09:51:44","slug":"moringa-2","status":"publish","type":"page","link":"https:\/\/sai-vital.de\/?page_id=165","title":{"rendered":"Moringa"},"content":{"rendered":"\n<div class=\"wp-block-columns has-2-columns is-layout-flex wp-container-core-columns-layout-1 wp-block-columns-is-layout-flex\">\n<div class=\"wp-block-column is-layout-flow wp-block-column-is-layout-flow\">\n<figure class=\"wp-block-image\"><img loading=\"lazy\" decoding=\"async\" width=\"630\" height=\"595\" src=\"http:\/\/sai-vital.de\/wp-content\/uploads\/2020\/02\/Moringa.png\" alt=\"\" class=\"wp-image-164\" srcset=\"https:\/\/sai-vital.de\/wp-content\/uploads\/2020\/02\/Moringa.png 630w, https:\/\/sai-vital.de\/wp-content\/uploads\/2020\/02\/Moringa-300x283.png 300w\" sizes=\"(max-width: 630px) 100vw, 630px\" \/><figcaption><a href=\"http:\/\/sai-vital.de\/?page_id=57\" target=\"_blank\" rel=\"noreferrer noopener\" aria-label=\"Hier bestellen (\u00f6ffnet in neuem Tab)\">Hier bestellen<\/a><\/figcaption><\/figure>\n\n\n\n<p>Der Moringa oleifera, auch Baum des Lebens oder Wunderbaum genannt, stammt urspr\u00fcnglich aus den Regionen am Fu\u00dfe des Himalayagebirges. Im Laufe der Jahrhunderte er sich \u00fcber die tropischen und subtropischen Regionen der Erde verteilt, wo er inzwischen in viele L\u00e4nder kultiviert und als Gem\u00fcsepflanze angebaut wird. In den alten Veden wurde schon vor 5000 Jahren \u00fcber Moringa berichtet und die Ayurveda spricht davon, dass Moringa \u00fcber 300 Krankheiten heilen k\u00f6nne. Moringa ist die vitaminreichste Pflanze der Erde und enth\u00e4lt mehr als 90 Vitalstoffe und Mineralien. Nach Meinung vieler moderner Wissenschaftler ist Moringa Oleifera damit die vielseitigste gesundheits-f\u00f6rdernde Pflanze f\u00fcr Mensch und Tier. Weltweit enth\u00e4lt kein anderes Gem\u00fcse oder Obst mehr lebenswichtige Vitalstoffe. Moringa wird in Afrika vor allem wegen dem hohen N\u00e4hrwert seiner Bl\u00e4tter gegen Unter- und Fehlern\u00e4hrung eingenommen, empfohlen ist er aber auch als nat\u00fcrliches Heilmittel, denn die Bl\u00e4tter wirken entz\u00fcndungshemmend. Das ausgewogenes Verh\u00e4ltnis an essentiellen Aminos\u00e4uren, der Gehalt an Vital- und Mineralstoffen und der hohe Gehalt an Vitaminen machen Moringa Produkte so einzigartig wertvoll. Au\u00dferdem enth\u00e4lt Moringa ca. 46 Antioxidantien und ist damit eine der reichsten Quellen an Antioxidantien.<\/p>\n\n\n\n<p><strong>Inhaltsstoffe: <\/strong>Pulver aus 100% reinen Moringa oleifera Bl\u00e4ttern.<br><strong>Verzehrempfehlung:<\/strong><br>2 x t\u00e4glich 2 Kapseln oder 2 Messl\u00f6ffel Pulver mit Fl\u00fcssigkeit, am besten Fruchtsaft, einnehmen. Die empfohlene Tagesdosis soll nicht \u00fcberschritten werden. Vorsicht bei Allergien auf einen der enthaltenen Bestandteile. Geeignet w\u00e4hrend der Schwangerschaft.<\/p>\n<\/div>\n\n\n\n<div class=\"wp-block-column is-layout-flow wp-block-column-is-layout-flow\">\n<p><strong>Der \u201eWunderbaum\u201c oder \u201ePower-Tree\u201c Moringa Oleifera ist eine hochgradige Nahrungs,- Energie,- und Gesundheits-quelle, welche durch seine nat\u00fcrliche ausgewogene und konzentrierte Zusammensetzung der Inhaltsstoffe einzigartig auf der Erde ist.<\/strong><\/p>\n\n\n\n<p><strong>Eigenschaften und Inhaltsstoffe:<\/strong><\/p>\n\n\n\n<ul><li><strong>Sehr gro\u00dfe Mengen an nat\u00fcrlichem Chlorophyll, welches dem K\u00f6rper Lichtenergie liefert.<\/strong><\/li><li><strong>Sehr hoher Anteil an mehrfach unges\u00e4ttigten, nat\u00fcrlichen<\/strong><\/li><li><strong>Fetts\u00e4uren (Omega 3, 6, 9), die Ihre Abwehrkr\u00e4fte wirksam unterst\u00fctzen k\u00f6nnen.<\/strong><\/li><li><strong>Hohe Konzentrationen von Vitaminen und Provitamine wie A,B, B1, B2, B3, C, D, E, K,P<\/strong><\/li><li><strong>In der Pflanze sind 18 der 20 Aminos\u00e4uren nachzuweisen. 8 davon sind f\u00fcr den Menschen essentiell und unentbehrlich.<\/strong><\/li><li><strong>Dazu kommen 2 Mikron\u00e4hrstoffe hinzu: Taurin und Rutin.<\/strong><\/li><li><strong>Neben Eiwei\u00df und Proteinen enth\u00e4lt die Pflanze viele Mineralstoffe wie Eisen, Kalzium, Kalium (Potassium), Tocopherol Acetat, Beta-Sisterol, Natrium, Jod, Phosphor, Selen, Kupfer, Mangan, Magnesium, Sulfur, Schwefel und Zink.<\/strong><\/li><li><strong>Sai Vital Moringa hat einen sehr hohen Anteil an Spurenelementen<\/strong><\/li><li><strong>sekund\u00e4ren Pflanzenbegleitstoffen wie Glycosinolate Koenzym und den Transmitter Zeatin. Moringa gl\u00e4nzt mit einem Zeatinwert von bis zu 200 mcg\/g. Das sind bis zu 1000 x mehr als bei anderen Pflanzen. Erstaunlich ist die hochantioxidantive Wirkung der Moringa-Bl\u00e4tter &#8211; sie weist mit bis zu 75.000 ORAC Einheiten je 100 g einen der h\u00f6chsten aller derzeit bekannten Pflanzen und Fr\u00fcchte auf. ORAC-Werte (Oxygen radical absorbance capacity) geben an, in welchem Grad ein biologischer Stoff ein freies Radikal hemmen kann (antioxidative Eigenschaft).<\/strong><\/li><\/ul>\n<\/div>\n<\/div>\n\n\n\n<p><strong>Wichtige Hinweise:<\/strong><\/p>\n\n\n\n<p>Die Ern\u00e4hrung sollte abwechslungsreich und  ausgewogen sein, denn der K\u00f6rper braucht Vitamine, Mineralstoffe,  Spurenelemente und andere Vitalstoffe zur Erhaltung seiner  Leistungsf\u00e4higkeit und Abwehrkraft.  Achten Sie auf eine abwechslungsreiche Ern\u00e4hrung und auf gen\u00fcgend  Bewegung. Eine Garantie oder ein Versprechen zur Besserung ihrer  Gesundheit und Wohlbefinden d\u00fcrfen wir nicht abgeben.\u00a0 Au\u00dferhalb der  Reichweite kleiner Kinder aufbewahren. K\u00fchl, trocken, lichtgesch\u00fctzt und  gut verschlossen aufbewahren.<\/p>\n\n\n\n<p><em>Kapselmaterial: <\/em>pflanzliche Zellulose (HPMC), klar ohne Farbstoffe, ohne Aromastoffe, ohne Geschmacksveredler.<br>Unsere\n pharmazeutischen Vegi-Kapseln stammen aus hochwertiger \nQualit\u00e4tsproduktion. Sie sind frei von Schweinefleischsubstanzen und \nentsprechen den Koscher- und Halal- Bestimmungen. Frei von Laktose, \nKonservierungs- und Farbstoffen und f\u00fcr Diabetiker und Vegetarier \ngeeignet. Deutsche Lebensmittel Analyse liegt vor.<\/p>\n\n\n\n<p><strong>Die Produkte von Sai Vital sind FREI von:<\/strong><br>Sorbitol,\n Trennmittel, Konservierungsstoffen, Tr\u00e4gerstoffen, Hilfssubstanzen, \ngentechnisch ver\u00e4nderten Stoffen, k\u00fcnstlichen Geschmacksstoffen, Weizen,\n N\u00fcssen, Fruktose, Soja, Speisest\u00e4rke, Fisch Derivaten, Natrium, Hefe \nund Ei.<\/p>\n\n\n\n<p>Aufgrund Bundesdeutscher Gesetzeslage sind wir verpflichtet auf Folgendes hinzuweisen:<\/p>\n\n\n\n<p>Alle in unserem Shop angebotenen Produkte, \nunabh\u00e4ngig von deren 1A Qualit\u00e4t und Reinheit, werden von uns \nausschlie\u00dflich als Naturrohstoffe verkauft und als diese von Ihnen \nerworben.<br>Unsere Rohstoffe sind immer aus frischer Ernte und werden konstant gepr\u00fcft auf Qualit\u00e4t und Schadstoffe.<\/p>\n\n\n\n<p>Wir d\u00fcrfen Ihnen von Rechtswegen \nbedauerlicherweise keine Informationen zur Anwendung geben. \nBeschreibungen zu Historie, Herkunft und traditioneller Bedeutung \nunserer Naturrohstoffe stellen wir Ihnen in den Artikelbeschreibungen \ndennoch zur Verf\u00fcgung, denn wir m\u00f6chten diese Sch\u00e4tze der Natur mit \nIhnen teilen. F\u00fcr Informationen zur Anwendung von Heilkr\u00e4utern beraten \nSie sich bitte mit Ihrer Apotheke. Vielen Dank f\u00fcr Ihr Verst\u00e4ndnis.<\/p>\n\n\n\n<p>\u00a9 Sai Vital<\/p>\n\n\n\n<p><strong><em>Abmahnungen<\/em><\/strong><\/p>\n\n\n\n<p><em>Eine Abmahnung ohne vorherigen Kontakt wird  unter Bezug auf \u00a7 8 Abs. 4 UWG nicht akzeptiert. Im Falle, dass  irgendein Inhalt, das Design einzelner Seiten, Bilder oder Grafiken  Rechte Dritter oder gesetzliche Bestimmungen verletzen oder ber\u00fchren  oder anderweitig in irgendeiner Form wettbewerbsrechtliche Probleme  hervorbringen k\u00f6nnten, erwarten wir unverz\u00fcglich eine angemessene und  ausreichend erl\u00e4uternde Nachricht ohne Kostennote an info@Sai-Vital.com oder im Impressum angegebene Adresse.<\/em><\/p>\n\n\n\n<p><em>Wir werden dann unverz\u00fcglich sicherstellen, \ndass die ggf. zu Recht beanstandeten Passagen, Bilder oder Inhalte der \nWebsite&nbsp;sofort entfernt und\/oder an die rechtlichen und gesetzlichen \nVorgaben in vollem Umfang angepasst werden.<\/em><\/p>\n\n\n\n<p><em>Eine Einschaltung eines Rechtsbeistandes von\n Ihrer Seite aus ist nicht erforderlich. Die zeitaufw\u00e4ndigere \nEinschaltung eines Anwaltes oder Abmahnvereins zur Erwirkung einer f\u00fcr \nuns kostenpflichtigen Abmahnung oder Rechnungsstellung f\u00fcr \nLizenzgeb\u00fchren wegen Urheberrechtsverletzungen entspricht nicht dem \ntats\u00e4chlichen oder mutma\u00dflichen Willen und wird daher nicht akzeptiert.<\/em><\/p>\n","protected":false},"excerpt":{"rendered":"<p>Der Moringa oleifera, auch Baum des Lebens oder Wunderbaum genannt, stammt urspr\u00fcnglich aus den Regionen am Fu\u00dfe des Himalayagebirges. Im Laufe der Jahrhunderte er sich \u00fcber die tropischen und subtropischen Regionen der Erde verteilt, wo er inzwischen in viele L\u00e4nder kultiviert und als Gem\u00fcsepflanze angebaut wird. In den alten Veden wurde schon vor 5000 Jahren &hellip; <\/p>\n<p class=\"link-more\"><a href=\"https:\/\/sai-vital.de\/?page_id=165\" class=\"more-link\"><span class=\"screen-reader-text\">\u201eMoringa\u201c <\/span>weiterlesen<\/a><\/p>\n","protected":false},"author":1,"featured_media":0,"parent":0,"menu_order":0,"comment_status":"closed","ping_status":"closed","template":"","meta":{"footnotes":""},"_links":{"self":[{"href":"https:\/\/sai-vital.de\/index.php?rest_route=\/wp\/v2\/pages\/165"}],"collection":[{"href":"https:\/\/sai-vital.de\/index.php?rest_route=\/wp\/v2\/pages"}],"about":[{"href":"https:\/\/sai-vital.de\/index.php?rest_route=\/wp\/v2\/types\/page"}],"author":[{"embeddable":true,"href":"https:\/\/sai-vital.de\/index.php?rest_route=\/wp\/v2\/users\/1"}],"replies":[{"embeddable":true,"href":"https:\/\/sai-vital.de\/index.php?rest_route=%2Fwp%2Fv2%2Fcomments&post=165"}],"version-history":[{"count":14,"href":"https:\/\/sai-vital.de\/index.php?rest_route=\/wp\/v2\/pages\/165\/revisions"}],"predecessor-version":[{"id":328,"href":"https:\/\/sai-vital.de\/index.php?rest_route=\/wp\/v2\/pages\/165\/revisions\/328"}],"wp:attachment":[{"href":"https:\/\/sai-vital.de\/index.php?rest_route=%2Fwp%2Fv2%2Fmedia&parent=165"}],"curies":[{"name":"wp","href":"https:\/\/api.w.org\/{rel}","templated":true}]}}