{"id":18,"date":"2020-02-08T11:50:15","date_gmt":"2020-02-08T11:50:15","guid":{"rendered":"http:\/\/sai-vital.de\/?page_id=18"},"modified":"2021-07-08T19:03:55","modified_gmt":"2021-07-08T19:03:55","slug":"sai-vital-die-produkte","status":"publish","type":"page","link":"https:\/\/sai-vital.de\/?page_id=18","title":{"rendered":"Die Produkte"},"content":{"rendered":"\n<div class=\"wp-block-columns has-2-columns is-layout-flex wp-container-core-columns-layout-1 wp-block-columns-is-layout-flex\">\n<div class=\"wp-block-column is-layout-flow wp-block-column-is-layout-flow\">\n<p>Mineralisch<\/p>\n<\/div>\n\n\n\n<div class=\"wp-block-column is-layout-flow wp-block-column-is-layout-flow\">\n<figure class=\"wp-block-image is-resized\"><img loading=\"lazy\" decoding=\"async\" src=\"http:\/\/sai-vital.de\/wp-content\/uploads\/2020\/02\/Klinop-e1581176625409.png\" alt=\"\" class=\"wp-image-42\" width=\"240\" height=\"241\" srcset=\"https:\/\/sai-vital.de\/wp-content\/uploads\/2020\/02\/Klinop-e1581176625409.png 854w, https:\/\/sai-vital.de\/wp-content\/uploads\/2020\/02\/Klinop-e1581176625409-150x150.png 150w, https:\/\/sai-vital.de\/wp-content\/uploads\/2020\/02\/Klinop-e1581176625409-300x300.png 300w, https:\/\/sai-vital.de\/wp-content\/uploads\/2020\/02\/Klinop-e1581176625409-768x771.png 768w, https:\/\/sai-vital.de\/wp-content\/uploads\/2020\/02\/Klinop-e1581176625409-100x100.png 100w\" sizes=\"(max-width: 240px) 100vw, 240px\" \/><figcaption><a href=\"http:\/\/sai-vital.de\/?page_id=61\" target=\"_blank\" rel=\"noreferrer noopener\" aria-label=\"Klinoptilolith (\u00f6ffnet in neuem Tab)\">Klinoptilolith<\/a><\/figcaption><\/figure>\n\n\n\n<figure class=\"wp-block-image is-resized\"><img loading=\"lazy\" decoding=\"async\" src=\"http:\/\/sai-vital.de\/wp-content\/uploads\/2020\/02\/Magensium-1024x818.png\" alt=\"\" class=\"wp-image-216\" width=\"339\" height=\"270\" srcset=\"https:\/\/sai-vital.de\/wp-content\/uploads\/2020\/02\/Magensium-1024x818.png 1024w, https:\/\/sai-vital.de\/wp-content\/uploads\/2020\/02\/Magensium-300x240.png 300w, https:\/\/sai-vital.de\/wp-content\/uploads\/2020\/02\/Magensium-768x614.png 768w, https:\/\/sai-vital.de\/wp-content\/uploads\/2020\/02\/Magensium.png 1642w\" sizes=\"(max-width: 339px) 100vw, 339px\" \/><figcaption>Magnesium<\/figcaption><\/figure>\n\n\n\n<p><\/p>\n<\/div>\n<\/div>\n\n\n\n<div class=\"wp-block-columns has-2-columns is-layout-flex wp-container-core-columns-layout-2 wp-block-columns-is-layout-flex\">\n<div class=\"wp-block-column is-layout-flow wp-block-column-is-layout-flow\">\n<p>Pflanzlich &amp; Mineralisch<\/p>\n<\/div>\n\n\n\n<div class=\"wp-block-column is-layout-flow wp-block-column-is-layout-flow\">\n<figure class=\"wp-block-image is-resized\"><img loading=\"lazy\" decoding=\"async\" src=\"http:\/\/sai-vital.de\/wp-content\/uploads\/2020\/02\/P-Betonit-e1581176599621.png\" alt=\"\" class=\"wp-image-43\" width=\"243\" height=\"230\" srcset=\"https:\/\/sai-vital.de\/wp-content\/uploads\/2020\/02\/P-Betonit-e1581176599621.png 534w, https:\/\/sai-vital.de\/wp-content\/uploads\/2020\/02\/P-Betonit-e1581176599621-300x285.png 300w\" sizes=\"(max-width: 243px) 100vw, 243px\" \/><figcaption><a href=\"http:\/\/sai-vital.de\/?page_id=90\" target=\"_blank\" rel=\"noreferrer noopener\" aria-label=\"P-Betonit (\u00f6ffnet in neuem Tab)\">P-Betonit<\/a><\/figcaption><\/figure>\n\n\n\n<p><\/p>\n<\/div>\n<\/div>\n\n\n\n<div class=\"wp-block-columns has-2-columns is-layout-flex wp-container-core-columns-layout-3 wp-block-columns-is-layout-flex\">\n<div class=\"wp-block-column is-layout-flow wp-block-column-is-layout-flow\">\n<p>Pflanzlich<\/p>\n<\/div>\n\n\n\n<div class=\"wp-block-column is-layout-flow wp-block-column-is-layout-flow\">\n<figure class=\"wp-block-image\"><img loading=\"lazy\" decoding=\"async\" width=\"630\" height=\"595\" src=\"http:\/\/sai-vital.de\/wp-content\/uploads\/2020\/02\/Moringa.png\" alt=\"\" class=\"wp-image-164\" srcset=\"https:\/\/sai-vital.de\/wp-content\/uploads\/2020\/02\/Moringa.png 630w, https:\/\/sai-vital.de\/wp-content\/uploads\/2020\/02\/Moringa-300x283.png 300w\" sizes=\"(max-width: 630px) 100vw, 630px\" \/><figcaption><a href=\"http:\/\/sai-vital.de\/?page_id=165\">Moringa Oleifera<\/a><\/figcaption><\/figure>\n\n\n\n<figure class=\"wp-block-image\"><img loading=\"lazy\" decoding=\"async\" width=\"669\" height=\"620\" src=\"http:\/\/sai-vital.de\/wp-content\/uploads\/2020\/02\/Traubenkern.png\" alt=\"\" class=\"wp-image-163\" srcset=\"https:\/\/sai-vital.de\/wp-content\/uploads\/2020\/02\/Traubenkern.png 669w, https:\/\/sai-vital.de\/wp-content\/uploads\/2020\/02\/Traubenkern-300x278.png 300w\" sizes=\"(max-width: 669px) 100vw, 669px\" \/><figcaption><a href=\"http:\/\/sai-vital.de\/?page_id=180\" target=\"_blank\" rel=\"noreferrer noopener\" aria-label=\"Traubenkernmehl (\u00f6ffnet in neuem Tab)\">Traubenkernmehl<\/a><\/figcaption><\/figure>\n\n\n\n<figure class=\"wp-block-image\"><img loading=\"lazy\" decoding=\"async\" width=\"1024\" height=\"918\" src=\"http:\/\/sai-vital.de\/wp-content\/uploads\/2020\/02\/camucamu-1024x918.png\" alt=\"\" class=\"wp-image-213\" srcset=\"https:\/\/sai-vital.de\/wp-content\/uploads\/2020\/02\/camucamu-1024x918.png 1024w, https:\/\/sai-vital.de\/wp-content\/uploads\/2020\/02\/camucamu-300x269.png 300w, https:\/\/sai-vital.de\/wp-content\/uploads\/2020\/02\/camucamu-768x689.png 768w, https:\/\/sai-vital.de\/wp-content\/uploads\/2020\/02\/camucamu.png 1463w\" sizes=\"(max-width: 767px) 89vw, (max-width: 1000px) 54vw, (max-width: 1071px) 543px, 580px\" \/><figcaption><a href=\"http:\/\/sai-vital.de\/?page_id=235\" target=\"_blank\" rel=\"noreferrer noopener\" aria-label=\"Camu Camu (\u00f6ffnet in neuem Tab)\">Camu Camu<\/a><\/figcaption><\/figure>\n\n\n\n<figure class=\"wp-block-image is-resized\"><img loading=\"lazy\" decoding=\"async\" src=\"http:\/\/sai-vital.de\/wp-content\/uploads\/2020\/02\/IndischerWeihrauch-844x1024.png\" alt=\"\" class=\"wp-image-214\" width=\"189\" height=\"230\" srcset=\"https:\/\/sai-vital.de\/wp-content\/uploads\/2020\/02\/IndischerWeihrauch-844x1024.png 844w, https:\/\/sai-vital.de\/wp-content\/uploads\/2020\/02\/IndischerWeihrauch-247x300.png 247w, https:\/\/sai-vital.de\/wp-content\/uploads\/2020\/02\/IndischerWeihrauch-768x932.png 768w, https:\/\/sai-vital.de\/wp-content\/uploads\/2020\/02\/IndischerWeihrauch.png 1081w\" sizes=\"(max-width: 189px) 100vw, 189px\" \/><figcaption><a href=\"http:\/\/sai-vital.de\/?page_id=228\" target=\"_blank\" rel=\"noreferrer noopener\" aria-label=\"Indischer Weihrauch (\u00f6ffnet in neuem Tab)\">Indischer Weihrauch<\/a><\/figcaption><\/figure>\n\n\n\n<figure class=\"wp-block-image is-resized\"><img loading=\"lazy\" decoding=\"async\" src=\"http:\/\/sai-vital.de\/wp-content\/uploads\/2020\/02\/Kr\u00e4uterbitter-gro\u00df-2-606x1024.png\" alt=\"\" class=\"wp-image-316\" width=\"220\" height=\"371\" srcset=\"https:\/\/sai-vital.de\/wp-content\/uploads\/2020\/02\/Kr\u00e4uterbitter-gro\u00df-2.png 606w, https:\/\/sai-vital.de\/wp-content\/uploads\/2020\/02\/Kr\u00e4uterbitter-gro\u00df-2-178x300.png 178w\" sizes=\"(max-width: 220px) 100vw, 220px\" \/><figcaption><a href=\"http:\/\/sai-vital.de\/?page_id=253\" target=\"_blank\" rel=\"noreferrer noopener\" aria-label=\"Kr\u00e4uterbitter (\u00f6ffnet in neuem Tab)\">Kr\u00e4uterbitter<\/a><\/figcaption><\/figure>\n<\/div>\n<\/div>\n\n\n\n<div class=\"wp-block-columns has-2-columns is-layout-flex wp-container-core-columns-layout-4 wp-block-columns-is-layout-flex\">\n<div class=\"wp-block-column is-layout-flow wp-block-column-is-layout-flow\">\n<p>Andere Verbindungen<\/p>\n<\/div>\n\n\n\n<div class=\"wp-block-column is-layout-flow wp-block-column-is-layout-flow\">\n<figure class=\"wp-block-image\"><img loading=\"lazy\" decoding=\"async\" width=\"1024\" height=\"918\" src=\"http:\/\/sai-vital.de\/wp-content\/uploads\/2020\/02\/msm-1024x918.png\" alt=\"\" class=\"wp-image-217\" srcset=\"https:\/\/sai-vital.de\/wp-content\/uploads\/2020\/02\/msm-1024x918.png 1024w, https:\/\/sai-vital.de\/wp-content\/uploads\/2020\/02\/msm-300x269.png 300w, https:\/\/sai-vital.de\/wp-content\/uploads\/2020\/02\/msm-768x689.png 768w, https:\/\/sai-vital.de\/wp-content\/uploads\/2020\/02\/msm.png 1463w\" sizes=\"(max-width: 767px) 89vw, (max-width: 1000px) 54vw, (max-width: 1071px) 543px, 580px\" \/><figcaption><a href=\"http:\/\/sai-vital.de\/?page_id=244\" target=\"_blank\" rel=\"noreferrer noopener\" aria-label=\" (\u00f6ffnet in neuem Tab)\">MSM<\/a><\/figcaption><\/figure>\n<\/div>\n<\/div>\n\n\n\n<p>Wichtige Hinweise:<\/p>\n\n\n\n<p>Die Ern\u00e4hrung sollte \nabwechslungsreich und ausgewogen sein, denn der K\u00f6rper braucht Vitamine,\n Mineralstoffe, Spurenelemente und andere Vitalstoffe zur Erhaltung \nseiner Leistungsf\u00e4higkeit und Abwehrkraft. Nahrungserg\u00e4nzungsmittel \nsollen nicht als Ersatz f\u00fcr eine ausgewogene und abwechslungsreiche \nErn\u00e4hrung und eine gesunde Lebensweise dienen, sind aber als Erg\u00e4nzung \nsinnvoll. Achten Sie auf eine abwechslungsreiche Ern\u00e4hrung und auf \ngen\u00fcgend Bewegung. Eine Garantie oder ein Versprechen zur Besserung \nihrer Gesundheit und Wohlbefinden d\u00fcrfen wir nicht abgeben.&nbsp; Au\u00dferhalb \nder Reichweite kleiner Kinder aufbewahren. K\u00fchl, trocken, lichtgesch\u00fctzt\n und gut verschlossen aufbewahren.<\/p>\n\n\n\n<p><em>Verzehrempfehlung: Bitte beachten Sie die Hinweise auf der Dose.<\/em><em> Die empfohlene Tagesdosis soll nicht \u00fcberschritten werden.<\/em> Vorsicht bei Allergien auf einen der enthaltenen Bestandteile.<\/p>\n\n\n\n<p><em>Kapselmaterial: <\/em>pflanzliche Zellulose (HPMC), klar ohne Farbstoffe, ohne Aromastoffe, ohne Geschmacksveredler.<br>Unsere\n pharmazeutischen Vegi-Kapseln stammen aus hochwertiger \nQualit\u00e4tsproduktion. Sie sind frei von Schweinefleischsubstanzen und \nentsprechen den Koscher- und Halal- Bestimmungen. Frei von Laktose, \nKonservierungs- und Farbstoffen und f\u00fcr Diabetiker und Vegetarier \ngeeignet. Deutsche Lebensmittel Analyse liegt vor.<\/p>\n\n\n\n<p><strong>Die Produkte von Sai Vital sind FREI von:<\/strong><br>Sorbitol,\n Trennmittel, Konservierungsstoffen, Tr\u00e4gerstoffen, Hilfssubstanzen, \ngentechnisch ver\u00e4nderten Stoffen, k\u00fcnstlichen Geschmacksstoffen, Weizen,\n N\u00fcssen, Fruktose, Soja, Speisest\u00e4rke, Fisch Derivaten, Natrium, Hefe \nund Ei.<\/p>\n\n\n\n<p>Aufgrund Bundesdeutscher Gesetzeslage sind wir verpflichtet auf Folgendes hinzuweisen:<\/p>\n\n\n\n<p>Alle in unserem Shop angebotenen \nProdukte, unabh\u00e4ngig von deren 1A Qualit\u00e4t und Reinheit, werden von uns \nausschlie\u00dflich als Naturrohstoffe verkauft und als diese von Ihnen \nerworben.<br>Unsere Rohstoffe sind immer aus frischer Ernte und werden konstant gepr\u00fcft auf Qualit\u00e4t und Schadstoffe.<\/p>\n\n\n\n<p>Wir d\u00fcrfen Ihnen von Rechtswegen \nbedauerlicherweise keine Informationen zur Anwendung geben. \nBeschreibungen zu Historie, Herkunft und traditioneller Bedeutung \nunserer Naturrohstoffe stellen wir Ihnen in den Artikelbeschreibungen \ndennoch zur Verf\u00fcgung, denn wir m\u00f6chten diese Sch\u00e4tze der Natur mit \nIhnen teilen. F\u00fcr Informationen zur Anwendung von Heilkr\u00e4utern beraten \nSie sich bitte mit Ihrer Apotheke. Vielen Dank f\u00fcr Ihr Verst\u00e4ndnis.<\/p>\n\n\n\n<p>\u00a9 Sai Vital<\/p>\n\n\n\n<p><strong><em>Abmahnungen<\/em><\/strong><\/p>\n\n\n\n<p><em>Eine Abmahnung ohne vorherigen \nKontakt wird unter Bezug auf \u00a7 8 Abs. 4 UWG nicht akzeptiert. Im Falle, \ndass irgendein Inhalt, das Design einzelner Seiten, Bilder oder Grafiken\n Rechte Dritter oder gesetzliche Bestimmungen verletzen oder ber\u00fchren \noder anderweitig in irgendeiner Form wettbewerbsrechtliche Probleme \nhervorbringen k\u00f6nnten, erwarten wir unverz\u00fcglich eine angemessene und \nausreichend erl\u00e4uternde Nachricht <strong>ohne Kostennote<\/strong> an <\/em><em>info@Sai-Vital.com<\/em><em> oder im Impressum angegebene Adresse.<\/em><\/p>\n\n\n\n<p><em>Wir werden dann unverz\u00fcglich \nsicherstellen, dass die ggf. zu Recht beanstandeten Passagen, Bilder \noder Inhalte der Website&nbsp;sofort entfernt und\/oder an die rechtlichen und\n gesetzlichen Vorgaben in vollem Umfang angepasst werden.<\/em><\/p>\n\n\n\n<p><em>Eine Einschaltung eines \nRechtsbeistandes von Ihrer Seite aus ist nicht erforderlich. Die \nzeitaufw\u00e4ndigere Einschaltung eines Anwaltes oder Abmahnvereins zur \nErwirkung einer f\u00fcr uns kostenpflichtigen Abmahnung oder \nRechnungsstellung f\u00fcr Lizenzgeb\u00fchren wegen Urheberrechtsverletzungen \nentspricht nicht dem tats\u00e4chlichen oder mutma\u00dflichen Willen und wird \ndaher nicht akzeptiert.<\/em><\/p>\n","protected":false},"excerpt":{"rendered":"<p>Mineralisch Pflanzlich &amp; Mineralisch Pflanzlich Andere Verbindungen Wichtige Hinweise: Die Ern\u00e4hrung sollte abwechslungsreich und ausgewogen sein, denn der K\u00f6rper braucht Vitamine, Mineralstoffe, Spurenelemente und andere Vitalstoffe zur Erhaltung seiner Leistungsf\u00e4higkeit und Abwehrkraft. Nahrungserg\u00e4nzungsmittel sollen nicht als Ersatz f\u00fcr eine ausgewogene und abwechslungsreiche Ern\u00e4hrung und eine gesunde Lebensweise dienen, sind aber als Erg\u00e4nzung sinnvoll. Achten Sie &hellip; <\/p>\n<p class=\"link-more\"><a href=\"https:\/\/sai-vital.de\/?page_id=18\" class=\"more-link\"><span class=\"screen-reader-text\">\u201eDie Produkte\u201c <\/span>weiterlesen<\/a><\/p>\n","protected":false},"author":1,"featured_media":87,"parent":0,"menu_order":0,"comment_status":"closed","ping_status":"closed","template":"","meta":{"footnotes":""},"_links":{"self":[{"href":"https:\/\/sai-vital.de\/index.php?rest_route=\/wp\/v2\/pages\/18"}],"collection":[{"href":"https:\/\/sai-vital.de\/index.php?rest_route=\/wp\/v2\/pages"}],"about":[{"href":"https:\/\/sai-vital.de\/index.php?rest_route=\/wp\/v2\/types\/page"}],"author":[{"embeddable":true,"href":"https:\/\/sai-vital.de\/index.php?rest_route=\/wp\/v2\/users\/1"}],"replies":[{"embeddable":true,"href":"https:\/\/sai-vital.de\/index.php?rest_route=%2Fwp%2Fv2%2Fcomments&post=18"}],"version-history":[{"count":60,"href":"https:\/\/sai-vital.de\/index.php?rest_route=\/wp\/v2\/pages\/18\/revisions"}],"predecessor-version":[{"id":385,"href":"https:\/\/sai-vital.de\/index.php?rest_route=\/wp\/v2\/pages\/18\/revisions\/385"}],"wp:featuredmedia":[{"embeddable":true,"href":"https:\/\/sai-vital.de\/index.php?rest_route=\/wp\/v2\/media\/87"}],"wp:attachment":[{"href":"https:\/\/sai-vital.de\/index.php?rest_route=%2Fwp%2Fv2%2Fmedia&parent=18"}],"curies":[{"name":"wp","href":"https:\/\/api.w.org\/{rel}","templated":true}]}}