{"id":180,"date":"2020-02-09T19:52:55","date_gmt":"2020-02-09T19:52:55","guid":{"rendered":"http:\/\/sai-vital.de\/?page_id=180"},"modified":"2020-02-16T09:49:33","modified_gmt":"2020-02-16T09:49:33","slug":"traubenkernmehl","status":"publish","type":"page","link":"https:\/\/sai-vital.de\/?page_id=180","title":{"rendered":"Traubenkernmehl"},"content":{"rendered":"\n<div class=\"wp-block-columns has-2-columns is-layout-flex wp-container-core-columns-layout-1 wp-block-columns-is-layout-flex\">\n<div class=\"wp-block-column is-layout-flow wp-block-column-is-layout-flow\">\n<figure class=\"wp-block-image\"><img loading=\"lazy\" decoding=\"async\" width=\"669\" height=\"620\" src=\"http:\/\/sai-vital.de\/wp-content\/uploads\/2020\/02\/Traubenkern.png\" alt=\"\" class=\"wp-image-163\" srcset=\"https:\/\/sai-vital.de\/wp-content\/uploads\/2020\/02\/Traubenkern.png 669w, https:\/\/sai-vital.de\/wp-content\/uploads\/2020\/02\/Traubenkern-300x278.png 300w\" sizes=\"(max-width: 669px) 100vw, 669px\" \/><figcaption><a href=\"http:\/\/sai-vital.de\/?page_id=57\" target=\"_blank\" rel=\"noreferrer noopener\" aria-label=\"Hier bestellen (\u00f6ffnet in neuem Tab)\">Hier bestellen<\/a><\/figcaption><\/figure>\n\n\n\n<p>OPC ist ein hoch antioxidativ wirksamerPflanzenstoff und wirkt insbesondere auf  die Haut, die Augen, das Immunsystem und sogar auf den Hormonhaushalt. Es geh\u00f6rt zu den Anti-Aging-\u201eWunder\u201c-mitteln der allerersten Klasse. Lesen Sie hier, warum OPC auch f\u00fcr Sie das ideale Nahrungserg\u00e4nzungsmittel ist.<\/p>\n\n\n\n<p><strong>Sai-Vital Traubenkernmehl bzw. das darin enthaltene OPC<\/strong><\/p>\n\n\n\n<ul><li><strong>verbessert die Elastizit\u00e4t der Gef\u00e4\u00dfe und hat eine \u00fcberaus<\/strong><\/li><li><strong>st\u00e4rkende Wirkung auf unser Bindegewebe. OPC ist gesund f\u00fcr Haut, Haare und N\u00e4gel. Es verhindert das tiefe Eindringen von UV-Strahlen, und soll so auch vor Hautkrebs sch\u00fctzen.<\/strong><\/li><li><strong>macht die Haut glatt und geschmeidig. Freie Radikale greifen die Haut an; nicht nur deren Zellen, sondern auch Kollagen und Elastin, die die Haut straff halten. OPC sch\u00fctzt die Haut vor freien Radikalen und damit vor Verfall und Alterung. Es verbessert auch schlaff gewordenes Kollagen.<\/strong><\/li><li><strong>st\u00e4rkt und sch\u00fctzt unser Immunsystem und die Blutgef\u00e4\u00dfe. Es beugt Herz- und Kreislauf-erkrankungen vor, reguliert den Cholesterinspiegel, und hilft dadurch auch bei Krampfadern. Es verbessert die Blutzirkulation im gesamten K\u00f6rper, was  sich positiv auf die Gelenke, die Gef\u00e4\u00dfe und auch auf die Sehkraft auswirkt.<\/strong><\/li><\/ul>\n<\/div>\n\n\n\n<div class=\"wp-block-column is-layout-flow wp-block-column-is-layout-flow\">\n<p><strong>Im Traubenkernmehl steckt OPC:<br>Oligomere Proanthocyanidine oder Proanthocyanidine, und damit ein gewaltiges Gesundheitspotential.<\/strong><\/p>\n\n\n\n<ul><li><strong>verzehnfacht die Wirkung von nat\u00fcrlichem Vitamin C! (wie z.B. Camu Camu von Sai Vital). Aber auch die Vitamine A und E sind in Kombination mit OPC bis zu zehn Mal so lange wirksam. OPC verst\u00e4rkt synergetisch die antioxidative F\u00e4higkeit der Vitamine und umgekehrt.<\/strong><\/li><li><strong>ist ein sehr wirksames Antioxidans, d.h. es befreit den K\u00f6rper in hohem Ma\u00dfe von \u201efreien Radikalen\u201c, d.h. Schwermetallen, Schadstoffen etc. Dies beugt einer ganzen Reihe m\u00f6glicher Krankheiten vor und erh\u00e4lt umgekehrt entsprechend die Gesundheit. Da OPC wie auch nat\u00fcrliches Vitamin C die Blutgehirnschranke passieren, sch\u00fctzen beide auch Gehirnzellen und Nerven.<\/strong><\/li><li><strong>verhilft zu sch\u00f6nem und vollem Haar. Das Haar wird weich und gl\u00e4nzend, w\u00e4chst \u00fcberdurch-schnittlich dicht und schnell und wird l\u00e4nger als je zuvor.<\/strong><\/li><\/ul>\n\n\n\n<p><strong>Inhaltsstoffe:<\/strong><br>100% reines BIO Traubenkernmehl. DE-\u00d6KO-001. Frei von Gluten.<br><strong>Einnahmeempfehlung:<\/strong><br>1 bis 3 Messl\u00f6ffel pro Tag (Sportler bis zu vier Teel\u00f6ffel) in naturbelasseneObst- oder Gem\u00fcses.fte verr\u00fchren. Oder streuen Sie sich je nachBedarf 1 bis 2 Messl\u00f6ffel \u00fcber den Frischkornbrei bzw. das M\u00fcsli. Geeignet zum Backen von Brot, Kuchen und sonstigen Backwaren. Auch beliebt zum Andicken von So\u00dfen, Suppen und Dressings.<\/p>\n<\/div>\n<\/div>\n\n\n\n<p><strong>Wichtige Hinweise:<\/strong><\/p>\n\n\n\n<p>Die Ern\u00e4hrung sollte abwechslungsreich und \nausgewogen sein, denn der K\u00f6rper braucht Vitamine, Mineralstoffe, \nSpurenelemente und andere Vitalstoffe zur Erhaltung seiner \nLeistungsf\u00e4higkeit und Abwehrkraft. Nahrungserg\u00e4nzungsmittel sollen \nnicht als Ersatz f\u00fcr eine ausgewogene und abwechslungsreiche Ern\u00e4hrung \nund eine gesunde Lebensweise dienen, sind aber als Erg\u00e4nzung sinnvoll. \nAchten Sie auf eine abwechslungsreiche Ern\u00e4hrung und auf gen\u00fcgend \nBewegung. Eine Garantie oder ein Versprechen zur Besserung ihrer \nGesundheit und Wohlbefinden d\u00fcrfen wir nicht abgeben.&nbsp; Au\u00dferhalb der \nReichweite kleiner Kinder aufbewahren. K\u00fchl, trocken, lichtgesch\u00fctzt und\n gut verschlossen aufbewahren.<\/p>\n\n\n\n<p><em>Verzehrempfehlung: Bitte beachten Sie die Hinweise auf der Dose.<\/em><em> Die empfohlene Tagesdosis soll nicht \u00fcberschritten werden.<\/em> Vorsicht bei Allergien auf einen der enthaltenen Bestandteile.<\/p>\n\n\n\n<p><em>Kapselmaterial: <\/em>pflanzliche Zellulose (HPMC), klar ohne Farbstoffe, ohne Aromastoffe, ohne Geschmacksveredler.<br>Unsere\n pharmazeutischen Vegi-Kapseln stammen aus hochwertiger \nQualit\u00e4tsproduktion. Sie sind frei von Schweinefleischsubstanzen und \nentsprechen den Koscher- und Halal- Bestimmungen. Frei von Laktose, \nKonservierungs- und Farbstoffen und f\u00fcr Diabetiker und Vegetarier \ngeeignet. Deutsche Lebensmittel Analyse liegt vor.<\/p>\n\n\n\n<p><strong>Die Produkte von Sai Vital sind FREI von:<\/strong><br>Sorbitol,\n Trennmittel, Konservierungsstoffen, Tr\u00e4gerstoffen, Hilfssubstanzen, \ngentechnisch ver\u00e4nderten Stoffen, k\u00fcnstlichen Geschmacksstoffen, Weizen,\n N\u00fcssen, Fruktose, Soja, Speisest\u00e4rke, Fisch Derivaten, Natrium, Hefe \nund Ei.<\/p>\n\n\n\n<p>Aufgrund Bundesdeutscher Gesetzeslage sind wir verpflichtet auf Folgendes hinzuweisen:<\/p>\n\n\n\n<p>Alle in unserem Shop angebotenen Produkte, \nunabh\u00e4ngig von deren 1A Qualit\u00e4t und Reinheit, werden von uns \nausschlie\u00dflich als Naturrohstoffe verkauft und als diese von Ihnen \nerworben.<br>Unsere Rohstoffe sind immer aus frischer Ernte und werden konstant gepr\u00fcft auf Qualit\u00e4t und Schadstoffe.<\/p>\n\n\n\n<p>Wir d\u00fcrfen Ihnen von Rechtswegen \nbedauerlicherweise keine Informationen zur Anwendung geben. \nBeschreibungen zu Historie, Herkunft und traditioneller Bedeutung \nunserer Naturrohstoffe stellen wir Ihnen in den Artikelbeschreibungen \ndennoch zur Verf\u00fcgung, denn wir m\u00f6chten diese Sch\u00e4tze der Natur mit \nIhnen teilen. F\u00fcr Informationen zur Anwendung von Heilkr\u00e4utern beraten \nSie sich bitte mit Ihrer Apotheke. Vielen Dank f\u00fcr Ihr Verst\u00e4ndnis.<\/p>\n\n\n\n<p>\u00a9 Sai Vital<\/p>\n\n\n\n<p><strong><em>Abmahnungen<\/em><\/strong><\/p>\n\n\n\n<p><em>Eine Abmahnung ohne vorherigen Kontakt wird \nunter Bezug auf \u00a7 8 Abs. 4 UWG nicht akzeptiert. Im Falle, dass \nirgendein Inhalt, das Design einzelner Seiten, Bilder oder Grafiken \nRechte Dritter oder gesetzliche Bestimmungen verletzen oder ber\u00fchren \noder anderweitig in irgendeiner Form wettbewerbsrechtliche Probleme \nhervorbringen k\u00f6nnten, erwarten wir unverz\u00fcglich eine angemessene und \nausreichend erl\u00e4uternde Nachricht <strong>ohne Kostennote<\/strong> an <\/em><em>info@Sai-Vital.com<\/em><em> oder im Impressum angegebene Adresse.<\/em><\/p>\n\n\n\n<p><em>Wir werden dann unverz\u00fcglich sicherstellen, \ndass die ggf. zu Recht beanstandeten Passagen, Bilder oder Inhalte der \nWebsite&nbsp;sofort entfernt und\/oder an die rechtlichen und gesetzlichen \nVorgaben in vollem Umfang angepasst werden.<\/em><\/p>\n\n\n\n<p><em>Eine Einschaltung eines Rechtsbeistandes von\n Ihrer Seite aus ist nicht erforderlich. Die zeitaufw\u00e4ndigere \nEinschaltung eines Anwaltes oder Abmahnvereins zur Erwirkung einer f\u00fcr \nuns kostenpflichtigen Abmahnung oder Rechnungsstellung f\u00fcr \nLizenzgeb\u00fchren wegen Urheberrechtsverletzungen entspricht nicht dem \ntats\u00e4chlichen oder mutma\u00dflichen Willen und wird daher nicht akzeptiert.<\/em><\/p>\n","protected":false},"excerpt":{"rendered":"<p>OPC ist ein hoch antioxidativ wirksamerPflanzenstoff und wirkt insbesondere auf die Haut, die Augen, das Immunsystem und sogar auf den Hormonhaushalt. Es geh\u00f6rt zu den Anti-Aging-\u201eWunder\u201c-mitteln der allerersten Klasse. Lesen Sie hier, warum OPC auch f\u00fcr Sie das ideale Nahrungserg\u00e4nzungsmittel ist. Sai-Vital Traubenkernmehl bzw. das darin enthaltene OPC verbessert die Elastizit\u00e4t der Gef\u00e4\u00dfe und hat &hellip; <\/p>\n<p class=\"link-more\"><a href=\"https:\/\/sai-vital.de\/?page_id=180\" class=\"more-link\"><span class=\"screen-reader-text\">\u201eTraubenkernmehl\u201c <\/span>weiterlesen<\/a><\/p>\n","protected":false},"author":1,"featured_media":0,"parent":0,"menu_order":0,"comment_status":"closed","ping_status":"closed","template":"","meta":{"footnotes":""},"_links":{"self":[{"href":"https:\/\/sai-vital.de\/index.php?rest_route=\/wp\/v2\/pages\/180"}],"collection":[{"href":"https:\/\/sai-vital.de\/index.php?rest_route=\/wp\/v2\/pages"}],"about":[{"href":"https:\/\/sai-vital.de\/index.php?rest_route=\/wp\/v2\/types\/page"}],"author":[{"embeddable":true,"href":"https:\/\/sai-vital.de\/index.php?rest_route=\/wp\/v2\/users\/1"}],"replies":[{"embeddable":true,"href":"https:\/\/sai-vital.de\/index.php?rest_route=%2Fwp%2Fv2%2Fcomments&post=180"}],"version-history":[{"count":9,"href":"https:\/\/sai-vital.de\/index.php?rest_route=\/wp\/v2\/pages\/180\/revisions"}],"predecessor-version":[{"id":293,"href":"https:\/\/sai-vital.de\/index.php?rest_route=\/wp\/v2\/pages\/180\/revisions\/293"}],"wp:attachment":[{"href":"https:\/\/sai-vital.de\/index.php?rest_route=%2Fwp%2Fv2%2Fmedia&parent=180"}],"curies":[{"name":"wp","href":"https:\/\/api.w.org\/{rel}","templated":true}]}}