{"id":2,"date":"2016-05-10T03:48:21","date_gmt":"2016-05-10T03:48:21","guid":{"rendered":"http:\/\/sai-vital.de\/?page_id=2"},"modified":"2020-02-10T14:18:55","modified_gmt":"2020-02-10T14:18:55","slug":"sample-page","status":"publish","type":"page","link":"https:\/\/sai-vital.de\/","title":{"rendered":"Sai Vital"},"content":{"rendered":"<p>Sai Vital liefert beste Naturprodukte f\u00fcr Ihre Gesundheit. Nahrungserg\u00e4nzungen, die aus fast allen Teilen der Welt bezogen werden. Dabei liefern wir gepr\u00fcfte erstklassige Ware, und kennen die meisten Anbauer bzw. Hersteller pers\u00f6nlich.\u00a0 Allerdings ist der Ansatz umfangreicher:<\/p>\n<p>Sai Vital ist ein Lebensprinzip. Es besteht aus zwei S\u00e4ulen, die einander umarmen und sich erg\u00e4nzen.<\/p>\n<p><strong>Sai<\/strong> ist die Ausrichtung auf unser inneres \u201eIch\u201c, dessen Erkennen, Ausbilden, Kulti-vieren, Versch\u00f6nern etc., bis wir das &#8222;Heilige&#8220;, &#8222;Reine&#8220;, oder gar \u201eG\u00f6ttliche\u201c in uns im Alltag leben.<\/p>\n<p>Hierzu greift Sai Vital auf seit Jahrtausenden bew\u00e4hrte Wege aus dem vedischen Wissen (Indien) zur\u00fcck, \u00fcbersetzt diese f\u00fcr Sie und unseren Kulturkreis. Dabei geht es um konkrete Schritte, die wir je nach Situation und Bedarf Ihnen individuell oder\u00a0 Gruppen zur Hand geben. Sie selbst entscheiden \u00fcber deren Nutzen anhand der Wirkung und der Ver\u00e4nderung, die dadurch geschehen. Sai Vital folgt keiner Religion noch irgendeiner Doktrin; allein die feststellbare positive Ver\u00e4nderung in Ihnen z\u00e4hlt.<\/p>\n<p><strong>Vital<\/strong> ist das Ziel in uns, ein lebendiges, gesundes, gl\u00fcckliches (d.h. die Lebenserfahrungen positiv integrierendes) Leben zu f\u00fchren. Dabei hat sich Sai Vital sich zum Ziel gesetzt, Menschen in Ihrer Gesundheit zu unterst\u00fctzen, und bietet dazu unter anderem eine Reihe von Nahrungserg\u00e4nzungsmittel an.<\/p>\n<p>Dabei achten wir darauf, im Einklang mit Mutter Natur \u201eeinfache\u201c Produkte in bester Qualit\u00e4t, m\u00f6glichst ohne jegliche Zusatzstoffe herzustellen; \u201eeinfach\u201c im Sinne von nat\u00fcrlich belassen und mit nur einer oder wenigen Komponenten. Wir sind \u00fcberzeugt, dass Heilung wie auch Gesunderhaltung ma\u00dfgeblich von der geistigen Einstellung des Menschen und auch seiner seelischen Verfassung abh\u00e4ngt, und dass sie\/er &#8211; mit Unterst\u00fctzung \u2013 letztlich sich nur selbst gesund erhalten kann. Hierbei k\u00f6nnen Sie die Produkte von Sai Vital ma\u00dfgeblich unterst\u00fctzen.<\/p>\n<p>Die Produkte und Dienstleistungen von Sai Vital sind ausdr\u00fccklich NICHT daf\u00fcr bestimmt, zu diagnostizieren oder zu behandeln. Es sind keine Medikamente, sondern Nahrungserg\u00e4nzungsmittel.<\/p>\n<p>Zu weiteren Informationen bzgl. unserer Produkte und Dienstleistungen nehmen Sie bitte Kontakt auf, am besten <a href=\"mailto:info@sai-vital.com\">per Email<\/a>.<\/p>\n<p>Produkte von Sai Vital stellen als Nahrungsoptimierer eine wertvolle Erg\u00e4nzung dar, k\u00f6nnen und sollen aber keine ausgewogene und abwechslungsreiche Ern\u00e4hrung ersetzen.<\/p>\n<p>Sollten die Leistungen und Produkte von Sai Vital auch von Erkrankten in Anspruch genommen werden, ersetzen diese weder die Behandlung von \u00c4rzten oder Heilpraktikern, noch erfolgen solche.<\/p>\n<p>Mit den besten W\u00fcnschen f\u00fcr Ihre Gesundheit<\/p>\n\n\n<figure class=\"wp-block-image is-resized\"><img loading=\"lazy\" decoding=\"async\" src=\"http:\/\/sai-vital.de\/wp-content\/uploads\/2020\/02\/MHnig.jpg\" alt=\"\" class=\"wp-image-156\" width=\"339\" height=\"264\" srcset=\"https:\/\/sai-vital.de\/wp-content\/uploads\/2020\/02\/MHnig.jpg 709w, https:\/\/sai-vital.de\/wp-content\/uploads\/2020\/02\/MHnig-300x234.jpg 300w\" sizes=\"(max-width: 339px) 100vw, 339px\" \/><figcaption>Ihr Martin H\u00f6nig<\/figcaption><\/figure>\n","protected":false},"excerpt":{"rendered":"<p>Sai Vital liefert beste Naturprodukte f\u00fcr Ihre Gesundheit. Nahrungserg\u00e4nzungen, die aus fast allen Teilen der Welt bezogen werden. Dabei liefern wir gepr\u00fcfte erstklassige Ware, und kennen die meisten Anbauer bzw. Hersteller pers\u00f6nlich.\u00a0 Allerdings ist der Ansatz umfangreicher: Sai Vital ist ein Lebensprinzip. Es besteht aus zwei S\u00e4ulen, die einander umarmen und sich erg\u00e4nzen. Sai ist &hellip; <\/p>\n<p class=\"link-more\"><a href=\"https:\/\/sai-vital.de\/\" class=\"more-link\"><span class=\"screen-reader-text\">\u201eSai Vital\u201c <\/span>weiterlesen<\/a><\/p>\n","protected":false},"author":1,"featured_media":0,"parent":0,"menu_order":0,"comment_status":"closed","ping_status":"open","template":"","meta":{"footnotes":""},"_links":{"self":[{"href":"https:\/\/sai-vital.de\/index.php?rest_route=\/wp\/v2\/pages\/2"}],"collection":[{"href":"https:\/\/sai-vital.de\/index.php?rest_route=\/wp\/v2\/pages"}],"about":[{"href":"https:\/\/sai-vital.de\/index.php?rest_route=\/wp\/v2\/types\/page"}],"author":[{"embeddable":true,"href":"https:\/\/sai-vital.de\/index.php?rest_route=\/wp\/v2\/users\/1"}],"replies":[{"embeddable":true,"href":"https:\/\/sai-vital.de\/index.php?rest_route=%2Fwp%2Fv2%2Fcomments&post=2"}],"version-history":[{"count":11,"href":"https:\/\/sai-vital.de\/index.php?rest_route=\/wp\/v2\/pages\/2\/revisions"}],"predecessor-version":[{"id":205,"href":"https:\/\/sai-vital.de\/index.php?rest_route=\/wp\/v2\/pages\/2\/revisions\/205"}],"wp:attachment":[{"href":"https:\/\/sai-vital.de\/index.php?rest_route=%2Fwp%2Fv2%2Fmedia&parent=2"}],"curies":[{"name":"wp","href":"https:\/\/api.w.org\/{rel}","templated":true}]}}