{"id":228,"date":"2020-02-15T13:01:23","date_gmt":"2020-02-15T13:01:23","guid":{"rendered":"http:\/\/sai-vital.de\/?page_id=228"},"modified":"2020-02-18T09:49:41","modified_gmt":"2020-02-18T09:49:41","slug":"indischer-weihrauch","status":"publish","type":"page","link":"https:\/\/sai-vital.de\/?page_id=228","title":{"rendered":"Indischer Weihrauch"},"content":{"rendered":"\n<div class=\"wp-block-columns has-2-columns is-layout-flex wp-container-core-columns-layout-1 wp-block-columns-is-layout-flex\">\n<div class=\"wp-block-column is-layout-flow wp-block-column-is-layout-flow\">\n<figure class=\"wp-block-image is-resized\"><img loading=\"lazy\" decoding=\"async\" src=\"http:\/\/sai-vital.de\/wp-content\/uploads\/2020\/02\/IndischerWeihrauch-844x1024.png\" alt=\"\" class=\"wp-image-214\" width=\"249\" height=\"301\" srcset=\"https:\/\/sai-vital.de\/wp-content\/uploads\/2020\/02\/IndischerWeihrauch-844x1024.png 844w, https:\/\/sai-vital.de\/wp-content\/uploads\/2020\/02\/IndischerWeihrauch-247x300.png 247w, https:\/\/sai-vital.de\/wp-content\/uploads\/2020\/02\/IndischerWeihrauch-768x932.png 768w, https:\/\/sai-vital.de\/wp-content\/uploads\/2020\/02\/IndischerWeihrauch.png 1081w\" sizes=\"(max-width: 249px) 100vw, 249px\" \/><figcaption><a href=\"http:\/\/sai-vital.de\/?page_id=57\" target=\"_blank\" rel=\"noreferrer noopener\" aria-label=\"Hier bestellen (\u00f6ffnet in neuem Tab)\">Hier bestellen<\/a><\/figcaption><\/figure>\n\n\n\n<p>&nbsp;<strong>Viele Menschen denken bei Weihrauch an duftende Rauchschwaden. Manch einem kommen bei dem Wort Weihrauch auch die Heiligen Drei K\u00f6nige in den Sinn. Fr\u00fcher war Weihrauch so wertvoll wie Gold, und daher als Geschenk f\u00fcr den kleinen Jesus gerade gut genug. Dass Weihrauch hingegen eingenommen werden kann, und dabei mannigfaltig gute Wirkung zeigt, ist weitgehend unbekannt.&nbsp;<\/strong><br><\/p>\n\n\n\n<p><strong>Der indische Weihrauch <\/strong><br><strong>Boswellia serata&nbsp;<\/strong><br>Der indische Weihrauch aus der Pflanze Boswellia serrata ist ein klassisches pflanzliches Vielstoffgemisch. Bislang sind mehr als 200 Inhaltsstoffe im Harz identifiziert worden. Neben dem Hauptbestandteil Boswellia-s\u00e4uren finden sich als andere Verbindungen \u00e4therische \u00d6le, Gerbstoffe und Bitterstoffe.&nbsp;<\/p>\n\n\n\n<p><strong>Inhaltsstoffe: <\/strong>Pulver aus 100% reinem Boswellia serata, gereinigt, schadstofffrei.&nbsp;<\/p>\n<\/div>\n\n\n\n<div class=\"wp-block-column is-layout-flow wp-block-column-is-layout-flow\">\n<p>&nbsp;<strong>Weihrauch hilft bei Entz\u00fcndungen&nbsp;<\/strong><br>Weihrauch ist das Harz des Weihrauchbaumes. Die in Arabien vorkommende Weihrauchart hei\u00dft Boswellia Sacra, die indische hei\u00dft Boswellia serata.&nbsp;Traditionell wird dieses Harz in der orient-alischen und indischen Heil-kunde bei der Behandlung von Wunden, Geschw\u00fcren und bei entz\u00fcndlichen Erkrankungen wie Arthritis, Gicht oder Rheuma verwendet. Laut aktuellenwissen-schaftlichen Untersuchungen tr\u00e4gt der Weihrauch zur Gesundheit bei und soll insbesondere Entz\u00fcndungen vorbeugen.  IStudien bewiesen, dass Weih-rauchextrakt f\u00fcr die Gesundheit f\u00f6rderlich ist, und das ohne Nebenwirkungen. Nach Ansicht des Ayurveda greift Weihrauch harmonisierend in den mensch-lichen Energiekreislauf ein&nbsp;<br><br><strong>Verzehrempfehlung<\/strong>: 2 x t\u00e4glich 2 Kapseln oder 2 Messl\u00f6ffel Pulver mit Fl\u00fcssigkeit, Tee, Wasser oder Frucht-saft, einnehmen. Die empfohlene Tagesdosis soll nicht \u00fcberschritten werden. Vorsicht bei Allergien auf einen der enthaltenen Bestandteile. Nicht w\u00e4hrend der Schwangerschaft einnehmen&nbsp;<br><em>Kapselmaterial: <\/em>hochwertige  vegetarische Kapseln, klar ohne Farbstoffe. Frei von Laktose, Gluten, Konservierungs- und Farbstoffen, genetisch modifizierten Inhaltsstoffen. F\u00fcr Diabetiker geeignet.&nbsp;<\/p>\n<\/div>\n<\/div>\n\n\n\n<p><strong>Wichtige Hinweise:<\/strong><\/p>\n\n\n\n<p>Die Ern\u00e4hrung sollte abwechslungsreich und \nausgewogen sein, denn der K\u00f6rper braucht Vitamine, Mineralstoffe, \nSpurenelemente und andere Vitalstoffe zur Erhaltung seiner \nLeistungsf\u00e4higkeit und Abwehrkraft. Nahrungserg\u00e4nzungsmittel sollen \nnicht als Ersatz f\u00fcr eine ausgewogene und abwechslungsreiche Ern\u00e4hrung \nund eine gesunde Lebensweise dienen, sind aber als Erg\u00e4nzung sinnvoll. \nAchten Sie auf eine abwechslungsreiche Ern\u00e4hrung und auf gen\u00fcgend \nBewegung. Eine Garantie oder ein Versprechen zur Besserung ihrer \nGesundheit und Wohlbefinden d\u00fcrfen wir nicht abgeben.&nbsp; Au\u00dferhalb der \nReichweite kleiner Kinder aufbewahren. K\u00fchl, trocken, lichtgesch\u00fctzt und\n gut verschlossen aufbewahren.<\/p>\n\n\n\n<p><em>Kapselmaterial: <\/em>pflanzliche Zellulose (HPMC), klar ohne Farbstoffe, ohne Aromastoffe, ohne Geschmacksveredler.<br>Unsere\n pharmazeutischen Vegi-Kapseln stammen aus hochwertiger \nQualit\u00e4tsproduktion. Sie sind frei von Schweinefleischsubstanzen und \nentsprechen den Koscher- und Halal- Bestimmungen. Frei von Laktose, \nKonservierungs- und Farbstoffen und f\u00fcr Diabetiker und Vegetarier \ngeeignet. Deutsche Lebensmittel Analyse liegt vor.<\/p>\n\n\n\n<p><strong>Die Produkte von Sai Vital sind FREI von:<\/strong><br>Sorbitol,\n Trennmittel, Konservierungsstoffen, Tr\u00e4gerstoffen, Hilfssubstanzen, \ngentechnisch ver\u00e4nderten Stoffen, k\u00fcnstlichen Geschmacksstoffen, Weizen,\n N\u00fcssen, Fruktose, Soja, Speisest\u00e4rke, Fisch Derivaten, Natrium, Hefe \nund Ei.<\/p>\n\n\n\n<p>Aufgrund Bundesdeutscher Gesetzeslage sind wir verpflichtet auf Folgendes hinzuweisen:<\/p>\n\n\n\n<p>Alle in unserem Shop angebotenen Produkte, \nunabh\u00e4ngig von deren 1A Qualit\u00e4t und Reinheit, werden von uns \nausschlie\u00dflich als Naturrohstoffe verkauft und als diese von Ihnen \nerworben.<br>Unsere Rohstoffe sind immer aus frischer Ernte und werden konstant gepr\u00fcft auf Qualit\u00e4t und Schadstoffe.<\/p>\n\n\n\n<p>Wir d\u00fcrfen Ihnen von Rechtswegen \nbedauerlicherweise keine Informationen zur Anwendung geben. \nBeschreibungen zu Historie, Herkunft und traditioneller Bedeutung \nunserer Naturrohstoffe stellen wir Ihnen in den Artikelbeschreibungen \ndennoch zur Verf\u00fcgung, denn wir m\u00f6chten diese Sch\u00e4tze der Natur mit \nIhnen teilen. F\u00fcr Informationen zur Anwendung von Heilkr\u00e4utern beraten \nSie sich bitte mit Ihrer Apotheke. Vielen Dank f\u00fcr Ihr Verst\u00e4ndnis.<\/p>\n\n\n\n<p>\u00a9 Sai Vital<\/p>\n\n\n\n<p><strong><em>Abmahnungen<\/em><\/strong><\/p>\n\n\n\n<p><em>Eine Abmahnung ohne vorherigen Kontakt wird  unter Bezug auf \u00a7 8 Abs. 4 UWG nicht akzeptiert. Im Falle, dass  irgendein Inhalt, das Design einzelner Seiten, Bilder oder Grafiken  Rechte Dritter oder gesetzliche Bestimmungen verletzen oder ber\u00fchren  oder anderweitig in irgendeiner Form wettbewerbsrechtliche Probleme  hervorbringen k\u00f6nnten, erwarten wir unverz\u00fcglich eine angemessene und  ausreichend erl\u00e4uternde Nachricht ohne Kostennote an info@Sai-Vital.com oder im Impressum angegebene Adresse.<\/em><\/p>\n\n\n\n<p><em>Wir werden dann unverz\u00fcglich sicherstellen, \ndass die ggf. zu Recht beanstandeten Passagen, Bilder oder Inhalte der \nWebsite&nbsp;sofort entfernt und\/oder an die rechtlichen und gesetzlichen \nVorgaben in vollem Umfang angepasst werden.<\/em><\/p>\n\n\n\n<p><em>Eine Einschaltung eines Rechtsbeistandes von\n Ihrer Seite aus ist nicht erforderlich. Die zeitaufw\u00e4ndigere \nEinschaltung eines Anwaltes oder Abmahnvereins zur Erwirkung einer f\u00fcr \nuns kostenpflichtigen Abmahnung oder Rechnungsstellung f\u00fcr \nLizenzgeb\u00fchren wegen Urheberrechtsverletzungen entspricht nicht dem \ntats\u00e4chlichen oder mutma\u00dflichen Willen und wird daher nicht akzeptiert.<\/em><\/p>\n","protected":false},"excerpt":{"rendered":"<p>&nbsp;Viele Menschen denken bei Weihrauch an duftende Rauchschwaden. Manch einem kommen bei dem Wort Weihrauch auch die Heiligen Drei K\u00f6nige in den Sinn. Fr\u00fcher war Weihrauch so wertvoll wie Gold, und daher als Geschenk f\u00fcr den kleinen Jesus gerade gut genug. Dass Weihrauch hingegen eingenommen werden kann, und dabei mannigfaltig gute Wirkung zeigt, ist weitgehend &hellip; <\/p>\n<p class=\"link-more\"><a href=\"https:\/\/sai-vital.de\/?page_id=228\" class=\"more-link\"><span class=\"screen-reader-text\">\u201eIndischer Weihrauch\u201c <\/span>weiterlesen<\/a><\/p>\n","protected":false},"author":1,"featured_media":0,"parent":0,"menu_order":0,"comment_status":"closed","ping_status":"closed","template":"","meta":{"footnotes":""},"_links":{"self":[{"href":"https:\/\/sai-vital.de\/index.php?rest_route=\/wp\/v2\/pages\/228"}],"collection":[{"href":"https:\/\/sai-vital.de\/index.php?rest_route=\/wp\/v2\/pages"}],"about":[{"href":"https:\/\/sai-vital.de\/index.php?rest_route=\/wp\/v2\/types\/page"}],"author":[{"embeddable":true,"href":"https:\/\/sai-vital.de\/index.php?rest_route=\/wp\/v2\/users\/1"}],"replies":[{"embeddable":true,"href":"https:\/\/sai-vital.de\/index.php?rest_route=%2Fwp%2Fv2%2Fcomments&post=228"}],"version-history":[{"count":23,"href":"https:\/\/sai-vital.de\/index.php?rest_route=\/wp\/v2\/pages\/228\/revisions"}],"predecessor-version":[{"id":326,"href":"https:\/\/sai-vital.de\/index.php?rest_route=\/wp\/v2\/pages\/228\/revisions\/326"}],"wp:attachment":[{"href":"https:\/\/sai-vital.de\/index.php?rest_route=%2Fwp%2Fv2%2Fmedia&parent=228"}],"curies":[{"name":"wp","href":"https:\/\/api.w.org\/{rel}","templated":true}]}}