{"id":244,"date":"2020-02-15T13:18:20","date_gmt":"2020-02-15T13:18:20","guid":{"rendered":"http:\/\/sai-vital.de\/?page_id=244"},"modified":"2020-02-20T08:20:20","modified_gmt":"2020-02-20T08:20:20","slug":"msm-2","status":"publish","type":"page","link":"https:\/\/sai-vital.de\/?page_id=244","title":{"rendered":"MSM"},"content":{"rendered":"\n<div class=\"wp-block-columns has-2-columns is-layout-flex wp-container-core-columns-layout-1 wp-block-columns-is-layout-flex\">\n<div class=\"wp-block-column is-layout-flow wp-block-column-is-layout-flow\">\n<figure class=\"wp-block-image is-resized\"><img loading=\"lazy\" decoding=\"async\" src=\"http:\/\/sai-vital.de\/wp-content\/uploads\/2020\/02\/msm-1024x918.png\" alt=\"\" class=\"wp-image-217\" width=\"233\" height=\"208\" srcset=\"https:\/\/sai-vital.de\/wp-content\/uploads\/2020\/02\/msm-1024x918.png 1024w, https:\/\/sai-vital.de\/wp-content\/uploads\/2020\/02\/msm-300x269.png 300w, https:\/\/sai-vital.de\/wp-content\/uploads\/2020\/02\/msm-768x689.png 768w, https:\/\/sai-vital.de\/wp-content\/uploads\/2020\/02\/msm.png 1463w\" sizes=\"(max-width: 233px) 100vw, 233px\" \/><figcaption><a href=\"http:\/\/sai-vital.de\/?page_id=57\" target=\"_blank\" rel=\"noreferrer noopener\" aria-label=\"Hier bestellen (\u00f6ffnet in neuem Tab)\">Hier bestellen<\/a><\/figcaption><\/figure>\n\n\n\n<p><strong>MSM -Organisch gebundener Schwefel&nbsp;MSM: <\/strong><br>Reines Methylsulfonylmethan. MSM ist eine biologisch verf\u00fcgbare nahrungs-gerechte Schwefelverbindung. Schwefel ist ein integraler Bestandteil vieler Proteine, Hormone und anderer Substanzen. Schon im Altertum wurden schwefelhaltige Quellen gern zur F\u00f6r-derung der Gesundheit genutzt. In besonderen Situationen oder bei Belas-tungen kann die Zufuhr von MSM zur Erg\u00e4nzung der Nahrung sinnvoll sein.&nbsp;<\/p>\n\n\n\n<p>MSM &#8211; in der von uns verwendeten Qualit\u00e4t in besonders reiner Form &#8211; ist ein hochwertiger orga-nisch gebundener Schwefel. MSM ist die Form, in der Schwefel von Natur aus in allen lebenden Organismen vorkommt und biologisch aktiv ist. In der Natur kommt MSM in Regenwasser, frischem Obst und Gem\u00fcse vor. Organisch gebundener Schwefel ist wichtiger Bestandteil vieler Enzyme, der Knorpelsubstanz und vieler weiterer wichtiger Verbindungen und Strukturen im K\u00f6r-per. Nat\u00fcrlich in der Nahrung vorkommender Schwefel wird durch Erhitzen zerst\u00f6rt. Schwefel wird im K\u00f6rper vor allem in eiwei\u00dfreichen Geweben angetroffen. Er ist u.a. Bestandteil des Binde-gewebes, der roten Blutk\u00f6rperchen, von Muskeln, Haut, Haaren und N\u00e4geln und der schwefel-haltigen Aminos\u00e4uren Methionin und Cystein. Schwefel gibt diesen Geweben Form und Festigkeit. Schwefelbr\u00fccken sind bedeutsam f\u00fcr die r\u00e4umliche Struktur von Enzymen. Schwefel ist bei der Bildung von Gallens\u00e4uren beteiligt und kommt in den B-Vitaminen Thiamin und Biotin vor. Das Element Schwefel ist wichtig f\u00fcr die Blutgerinnung, das Antioxidantien-System und die Bildung von Insulin. Oft wird MSM auch zur Unterst\u00fctzung des Bewegungsapparates eingesetzt. Weiterhin unterst\u00fctzt MSM die innere Reinigung.&nbsp;<\/p>\n<\/div>\n\n\n\n<div class=\"wp-block-column is-layout-flow wp-block-column-is-layout-flow\">\n<ul><li><strong>Funktionen&nbsp;<\/strong><\/li><li>F\u00f6rderung einer gesunden Darmflora&nbsp;<\/li><li>Leber-Unterst\u00fctzung<\/li><li>Aufbau von N\u00e4geln, Haaren und Haut&nbsp;<\/li><li>Spielt eine Rolle beim Eiwei\u00dfstoffwechsel&nbsp;<\/li><li>Salze der Schwefels\u00e4uren (Sulfate) unterst\u00fctzen die Entgiftung&nbsp;<\/li><li><strong>MSM f\u00fcr mehr Energie, Fitness und Sch\u00f6nheit&nbsp;<\/strong><\/li><li><strong>MSM f\u00fcr ein starkes Immunsystem und f\u00fcr perfektes K\u00f6rpereiwei\u00df&nbsp;<\/strong><\/li><li><strong>MSM verst\u00e4rkt die Wirkung von Vitaminen und N\u00e4hrstoffen&nbsp;<\/strong><\/li><li><strong>MSM f\u00fcr optimale Gehirnfunktion (Aufbau von Neurotransmittern)&nbsp;<\/strong><\/li><li><strong>MSM organischer Schwefel entgiftet den K\u00f6rper&nbsp;<\/strong><\/li><li><strong>MSM organischer Schwefel beugt vor gegen , Diabetes, Bluthochdruck, Osteoporose&nbsp;<\/strong><\/li><li><strong>MSM organischer Schwefel f\u00fcr Knorpel und Gelenke&nbsp;<\/strong><\/li><\/ul>\n\n\n\n<p>&nbsp;Schwefel ist am Aufbau von Hormonen, lebensnotwendigen  Antioxidantien, Enzymen und einer Vielzahl von Proteinen beteiligt.<\/p>\n\n\n\n<p>Im Rahmen der Health-Claims-Verordnung 2010 hat die Europ\u00e4ische Beh\u00f6rde f\u00fcr\nLebensmittelsicherheit (EFSA) folgende Angaben zu der Wirkung des Vitamins\nver\u00f6ffentlicht:<\/p>\n\n\n\n<p>\u20dd\ntr\u00e4gt zu einer normalen Kollagenbildung f\u00fcr eine normale Funktion des\nZahnfleisches bei.<br>\n\u20dd tr\u00e4gt zu einer\nnormalen Kollagenbildung f\u00fcr eine normale Funktion der Blutgef\u00e4\u00dfe bei.<br>\n\u20dd tr\u00e4gt zu einer\nnormalen Kollagenbildung f\u00fcr eine normale Funktion der Knochen bei.<br>\n\u20dd tr\u00e4gt zu einer\nnormalen Kollagenbildung f\u00fcr eine normale Funktion der Z\u00e4hne bei.<br>\n\u20dd tr\u00e4gt zu einer\nnormalen Kollagenbildung f\u00fcr eine normale Funktion der Haut bei.<br>\n\u20dd tr\u00e4gt zu einer\nnormalen Kollagenbildung f\u00fcr eine normale Knorpelfunktion bei.<br>\n\u20dd tr\u00e4gt zur\nRegeneration der reduzierten Form von Vitamin E bei.<br>\n\u20dd tr\u00e4gt dazu bei, die\nZellen vor oxidativem Stress zu sch\u00fctzen.<br>\n\u20dd tr\u00e4gt zur\nVerringerung von M\u00fcdigkeit und Erm\u00fcdung bei.<br>\n\u20dd tr\u00e4gt zu einer\nnormalen Funktion des Nervensystems bei.<br>\n\u20dd tr\u00e4gt zu einer\nnormalen Funktion des Immunsystems bei.<br>\n\u20dd tr\u00e4gt zu einer\nnormalen psychischen Funktion bei.<br>\n\u20dd tr\u00e4gt zu einem\nnormalen Energiestoffwechsel bei.<br>\n\u20dd erh\u00f6ht die Eisenaufnahme.<\/p>\n\n\n\n<p>\u20dd tr\u00e4gt zu einer normalen Funktion des Immunsystems w\u00e4hrend und nach intensiver k\u00f6rperlicher Bet\u00e4tigung bei.<\/p>\n\n\n\n<p><strong>Inhaltsstoffe: <\/strong>Pulver, 99.92% rein, Spitzen-Qualit\u00e4t<strong>.&nbsp;<\/strong><\/p>\n<\/div>\n<\/div>\n\n\n\n<p><strong>Wichtige Hinweise:<\/strong><\/p>\n\n\n\n<p>Die Ern\u00e4hrung sollte abwechslungsreich und \nausgewogen sein, denn der K\u00f6rper braucht Vitamine, Mineralstoffe, \nSpurenelemente und andere Vitalstoffe zur Erhaltung seiner \nLeistungsf\u00e4higkeit und Abwehrkraft. Nahrungserg\u00e4nzungsmittel sollen \nnicht als Ersatz f\u00fcr eine ausgewogene und abwechslungsreiche Ern\u00e4hrung \nund eine gesunde Lebensweise dienen, sind aber als Erg\u00e4nzung sinnvoll. \nAchten Sie auf eine abwechslungsreiche Ern\u00e4hrung und auf gen\u00fcgend \nBewegung. Eine Garantie oder ein Versprechen zur Besserung ihrer \nGesundheit und Wohlbefinden d\u00fcrfen wir nicht abgeben.&nbsp; Au\u00dferhalb der \nReichweite kleiner Kinder aufbewahren. K\u00fchl, trocken, lichtgesch\u00fctzt und\n gut verschlossen aufbewahren.<\/p>\n\n\n\n<p><em>Kapselmaterial: <\/em>pflanzliche Zellulose (HPMC), klar ohne Farbstoffe, ohne Aromastoffe, ohne Geschmacksveredler.<br>Unsere\n pharmazeutischen Vegi-Kapseln stammen aus hochwertiger \nQualit\u00e4tsproduktion. Sie sind frei von Schweinefleischsubstanzen und \nentsprechen den Koscher- und Halal- Bestimmungen. Frei von Laktose, \nKonservierungs- und Farbstoffen und f\u00fcr Diabetiker und Vegetarier \ngeeignet. Deutsche Lebensmittel Analyse liegt vor.<\/p>\n\n\n\n<p><strong>Die Produkte von Sai Vital sind FREI von:<\/strong><br>Sorbitol,\n Trennmittel, Konservierungsstoffen, Tr\u00e4gerstoffen, Hilfssubstanzen, \ngentechnisch ver\u00e4nderten Stoffen, k\u00fcnstlichen Geschmacksstoffen, Weizen,\n N\u00fcssen, Fruktose, Soja, Speisest\u00e4rke, Fisch Derivaten, Natrium, Hefe \nund Ei.<\/p>\n\n\n\n<p>Aufgrund Bundesdeutscher Gesetzeslage sind wir verpflichtet auf Folgendes hinzuweisen:<\/p>\n\n\n\n<p>Alle in unserem Shop angebotenen Produkte, \nunabh\u00e4ngig von deren 1A Qualit\u00e4t und Reinheit, werden von uns \nausschlie\u00dflich als Naturrohstoffe verkauft und als diese von Ihnen \nerworben.<br>Unsere Rohstoffe sind immer aus frischer Ernte und werden konstant gepr\u00fcft auf Qualit\u00e4t und Schadstoffe.<\/p>\n\n\n\n<p>Wir d\u00fcrfen Ihnen von Rechtswegen  bedauerlicherweise keine Informationen zur Anwendung geben.  Beschreibungen zu Historie, Herkunft und traditioneller Bedeutung  unserer Naturrohstoffe stellen wir Ihnen in den Artikelbeschreibungen  dennoch zur Verf\u00fcgung, denn wir m\u00f6chten diese Sch\u00e4tze der Natur mit  Ihnen teilen. Vielen Dank f\u00fcr Ihr Verst\u00e4ndnis.<\/p>\n\n\n\n<p>\u00a9 Sai Vital<\/p>\n\n\n\n<p><strong><em>Abmahnungen<\/em><\/strong><\/p>\n\n\n\n<p><em>Eine Abmahnung ohne vorherigen Kontakt wird  unter Bezug auf \u00a7 8 Abs. 4 UWG nicht akzeptiert. Im Falle, dass  irgendein Inhalt, das Design einzelner Seiten, Bilder oder Grafiken  Rechte Dritter oder gesetzliche Bestimmungen verletzen oder ber\u00fchren  oder anderweitig in irgendeiner Form wettbewerbsrechtliche Probleme  hervorbringen k\u00f6nnten, erwarten wir unverz\u00fcglich eine angemessene und  ausreichend erl\u00e4uternde Nachricht ohne Kostennote an info@Sai-Vital.com oder im Impressum angegebene Adresse.<\/em><\/p>\n\n\n\n<p><em>Wir werden dann unverz\u00fcglich sicherstellen, \ndass die ggf. zu Recht beanstandeten Passagen, Bilder oder Inhalte der \nWebsite&nbsp;sofort entfernt und\/oder an die rechtlichen und gesetzlichen \nVorgaben in vollem Umfang angepasst werden.<\/em><\/p>\n\n\n\n<p><em>Eine Einschaltung eines Rechtsbeistandes von\n Ihrer Seite aus ist nicht erforderlich. Die zeitaufw\u00e4ndigere \nEinschaltung eines Anwaltes oder Abmahnvereins zur Erwirkung einer f\u00fcr \nuns kostenpflichtigen Abmahnung oder Rechnungsstellung f\u00fcr \nLizenzgeb\u00fchren wegen Urheberrechtsverletzungen entspricht nicht dem \ntats\u00e4chlichen oder mutma\u00dflichen Willen und wird daher nicht akzeptiert.<\/em><\/p>\n","protected":false},"excerpt":{"rendered":"<p>MSM -Organisch gebundener Schwefel&nbsp;MSM: Reines Methylsulfonylmethan. MSM ist eine biologisch verf\u00fcgbare nahrungs-gerechte Schwefelverbindung. Schwefel ist ein integraler Bestandteil vieler Proteine, Hormone und anderer Substanzen. Schon im Altertum wurden schwefelhaltige Quellen gern zur F\u00f6r-derung der Gesundheit genutzt. In besonderen Situationen oder bei Belas-tungen kann die Zufuhr von MSM zur Erg\u00e4nzung der Nahrung sinnvoll sein.&nbsp; MSM &#8211; &hellip; <\/p>\n<p class=\"link-more\"><a href=\"https:\/\/sai-vital.de\/?page_id=244\" class=\"more-link\"><span class=\"screen-reader-text\">\u201eMSM\u201c <\/span>weiterlesen<\/a><\/p>\n","protected":false},"author":1,"featured_media":0,"parent":0,"menu_order":0,"comment_status":"closed","ping_status":"closed","template":"","meta":{"footnotes":""},"_links":{"self":[{"href":"https:\/\/sai-vital.de\/index.php?rest_route=\/wp\/v2\/pages\/244"}],"collection":[{"href":"https:\/\/sai-vital.de\/index.php?rest_route=\/wp\/v2\/pages"}],"about":[{"href":"https:\/\/sai-vital.de\/index.php?rest_route=\/wp\/v2\/types\/page"}],"author":[{"embeddable":true,"href":"https:\/\/sai-vital.de\/index.php?rest_route=\/wp\/v2\/users\/1"}],"replies":[{"embeddable":true,"href":"https:\/\/sai-vital.de\/index.php?rest_route=%2Fwp%2Fv2%2Fcomments&post=244"}],"version-history":[{"count":12,"href":"https:\/\/sai-vital.de\/index.php?rest_route=\/wp\/v2\/pages\/244\/revisions"}],"predecessor-version":[{"id":339,"href":"https:\/\/sai-vital.de\/index.php?rest_route=\/wp\/v2\/pages\/244\/revisions\/339"}],"wp:attachment":[{"href":"https:\/\/sai-vital.de\/index.php?rest_route=%2Fwp%2Fv2%2Fmedia&parent=244"}],"curies":[{"name":"wp","href":"https:\/\/api.w.org\/{rel}","templated":true}]}}