{"id":366,"date":"2021-07-08T17:24:34","date_gmt":"2021-07-08T17:24:34","guid":{"rendered":"http:\/\/sai-vital.de\/?page_id=366"},"modified":"2021-07-08T19:01:07","modified_gmt":"2021-07-08T19:01:07","slug":"sai-vital-seele-und-koerper","status":"publish","type":"page","link":"https:\/\/sai-vital.de\/?page_id=366","title":{"rendered":"Seele und K\u00f6rper"},"content":{"rendered":"\n<div class=\"wp-block-columns is-layout-flex wp-container-core-columns-layout-1 wp-block-columns-is-layout-flex\">\n<div class=\"wp-block-column is-layout-flow wp-block-column-is-layout-flow\">\n<h2 class=\"wp-block-heading\"><strong>Sai Vital: Bauen Sie innere und k\u00f6rperliche St\u00e4rke auf<\/strong><\/h2>\n<\/div>\n<\/div>\n\n\n\n<p>Die Erhaltung innerer Gelassenheit und k\u00f6rperlicher St\u00e4rke ist so wichtig wie nie zuvor. Ein neuer sich einpr\u00e4gender Begriff daf\u00fcr ist \u201eResilienz\u201c. Was ist das?<\/p>\n\n\n\n<p>Resilienz ist Ausdruck der Seelenst\u00e4rke. In der Psychologie beschreibt der Begriff die F\u00e4higkeit, Krisen, R\u00fcckschl\u00e4ge oder Verluste zu meistern, ohne sich davon dauerhaft unterkriegen zu lassen. Wikipedia definiert Resilienz als \u201epsychische Widerstandsf\u00e4higkeit, Krisen zu bew\u00e4ltigen\u201c und sie als Anlass zur eigenen Entwicklung zu nutzen.<\/p>\n\n\n\n<p>Statt ohnm\u00e4chtig und hilflos das eigene Leben zu betrachten und in Selbstmitleid zu versinken, verhilft Resilienz dazu, weiterzumachen, das Tief zu \u00fcbewinden und sich den Herausforderungen aufs Neue zu stellen.<\/p>\n\n\n\n<h2 class=\"wp-block-heading\"><strong><strong>Ein resilienter Mensch<\/strong><\/strong><\/h2>\n\n\n\n<p>ist seelisch in der Lage, Lebenskrisen ohne anhaltende Beeintr\u00e4chtigung durchzustehen. W\u00e4hrend andere auf H\u00e4rtef\u00e4lle mit Angsterkrankungen, Sucht oder Depressionen reagieren, perlt der Stress an ihnen ab \u2013 wie an einem unsichtbaren Schutzschild. Mehr noch: Schon in kurzer Zeit k\u00f6nnen diese Menschen wieder zur Hochform auflaufen.<\/p>\n\n\n\n<h2 class=\"wp-block-heading\"><strong>S\u00e4ulen der Resilienz:<\/strong><\/h2>\n\n\n\n<ol><li><strong>Selbstbewusstsein<\/strong><\/li><\/ol>\n\n\n\n<p>Resiliente Menschen glauben an sich. Statt in die Opferrolle zu schl\u00fcpfen, werden sie lieber aktiv. Eine Eigenschaft, die in unserem Leben und immer komplexeren Wirtschaftsalltag zunehmend wichtiger wird. Dank ihres ausgepr\u00e4gten Selbstvertrauens gewinnen sie oft noch das Vertrauen (und die Bewunderung) anderer.<\/p>\n\n\n\n<ol start=\"2\"><li><strong>Kontaktfreude<\/strong><\/li><\/ol>\n\n\n\n<p>Schwierigkeiten l\u00f6sen resiliente Menschen gemeinsam mit anderen Menschen. Dazu suchen sie sich aktiv Partner, die einf\u00fchlend sind, ihnen Mut machen und an ihre St\u00e4rken erinnern. Weil es ihnen gelingt, das Verhalten anderer richtig zu deuten, bauen sie oft gute und langanhaltende Beziehungen auf.<\/p>\n\n\n\n<ol start=\"3\"><li><strong>Gef\u00fchlsstabilit\u00e4t<\/strong><\/li><\/ol>\n\n\n\n<p>Resiliente Menschen besitzen die ausgepr\u00e4gte Fertigkeit, ihre Emotionen und ihre Aufmerk-samkeit zu analysieren. Sie steuern die eigene Gef\u00fchlswelt derart, dass sie hohe Belastungen nicht als Stress, sondern als Herausforderung empfinden.<\/p>\n\n\n\n<ol start=\"4\"><li><strong>Optimismus<\/strong><\/li><\/ol>\n\n\n\n<p>Resiliente Menschen sagen sich: \u201eDiesmal hatte ich keinen Erfolg, n\u00e4chstes Mal schon.\u201c Widerstandsf\u00e4hige Menschen akzeptieren die Situation wie sie ist, besch\u00f6nigen nichts, blicken aber weiterhin zuversichtlich in die Zukunft. So bekommt die Krise erst gar kein Schwergewicht, sondern bleibt ein zeitlich begrenztes Ereignis, aus dem man sich selbst herausf\u00fchren kann.<\/p>\n\n\n\n<ol start=\"5\"><li><strong>Handlungskontrolle<\/strong><\/li><\/ol>\n\n\n\n<p>Statt impulsiv zu handeln, reagieren resiliente Menschen auf entsprechende Verhaltensanreize kontrolliert und \u00fcberlegt. Dazu geh\u00f6rt, sofortige Belohnungen zugunsten eines h\u00f6heren Ziels in der Zukunft aufzuschieben.<\/p>\n\n\n\n<ol start=\"6\"><li><strong>Realismus<\/strong> und<\/li><li><strong>Analysest\u00e4rke<\/strong><\/li><\/ol>\n\n\n\n<p>Resilienz bedeutet, langfristig zu denken und f\u00fcr sich realistische Ziele zu entwickeln. Resiliente Menschen gehen konstruktiv mit ihrem Schmerz bzw. mit der Trag\u00f6die um.<\/p>\n\n\n\n<p>Resiliente Menschen sind imstande, eingefahrene Denkpfade zu verlassen. Sie k\u00f6nnen die Ursachen eines negativen Erlebnisses genau identifizieren und analysieren. Das hilft ihnen, zukunftsorientiert damit umzugehen und so alternative und oft bessere L\u00f6sungen zu erkennen.<br>Wahre Lebenskunst kann nicht darin liegen, das Leid zu verleugnen, die Schmerzgef\u00fchle zu unterdr\u00fccken. Leiden geh\u00f6rt einfach zum Leben dazu. Der entscheidende Unterschied ist: Menschen mit Resilienz gelingt die \u00dcberwindung von Leiden schneller als anderen.<br>Es braucht vor allem Menschen, die Sicherheit und Zuverl\u00e4ssigkeit vermitteln. Resilienz ist eine wesentliche Eigenschaft unserer Pers\u00f6nlichkeit. Diese wiederum ist das sichtbare Gesicht der inneren Seelenst\u00e4rke.<\/p>\n\n\n\n<h2 class=\"wp-block-heading\"><strong>Wie l\u00e4sst sich \u201eSeele\u201c finden, und gar st\u00e4rken? <\/strong><\/h2>\n\n\n\n<p>Nun, in Zeiten innerer Ausgeglichenheit und Wohlbefinden gelingt es uns in der Regel leichter als in Stress-Situationen, der \u201einneren Stimme\u201c zu lauschen und ihre Empfehlungen, Hinweise und Ratschl\u00e4ge aufzunehmen, geistig zu verarbeiten, und dann auch umzusetzen. Nennen wir diese \u201einnere Stimme\u201c die \u201eStimme der Seele\u201c. Sie kommt aus einem h\u00f6heren Bewusstsein, das sehr viel umfassender ist als unser Tagesbewusstsein, und das in feinstoffliche Welten und an h\u00f6here Intelligenzen angeschlossen ist.<\/p>\n\n\n\n<p>\u00c4ussere Stille hilft uns, inneren Frieden und innere Ruhe zu finden und zu kultivieren. Das schafft ausserordentliche F\u00e4higkeiten. Diese k\u00f6nnen zu Heilzwecken eingesetzt werden. Wie geht das?<\/p>\n\n\n\n<p>Sie k\u00f6nnen sich bzw. Ihre Seele und jeden Menschen mit einer Batterie vergleichen. Hohe Schwingungen, lichtvolle Gedanken, gesunde Vibrationen laden die Seele auf, negative Situationen und Emotionen, Stress, \u00c4rger, Angst etc. lassen die Kr\u00e4fte der Seele schwinden. Sie k\u00f6nnen sich und ihre Seelenkraft aufladen. Wichtig dabei ist, dass Sie daf\u00fcr zun\u00e4chst einmal alles Belastende entladen.<\/p>\n\n\n\n<p>Sicher sind Grundlage f\u00fcr die Gesundheit des K\u00f6rpers: die Reinheit des Darms, die Anregung der k\u00f6rpereigenen Ausleitungsorgane, die Entgiftung des Gewebes, und somit auch das Loswerden vieler emotionaler Anspannungen und Eindr\u00fccke aus der Vergangenheit.<\/p>\n\n\n\n<p>Sai Vital bietet eine Vielzahl hochwertiger Naturprodukte an, die K\u00f6rper und Geist gesund erhalten, und f\u00fcr Ihr Wohlbefinden teilweise unerl\u00e4sslich sind. Schauen Sie sich um auf unserer Internetseite, und wir beantworten gerne Ihre Fragen, auch zu Gesundheitsdefiziten, soweit wir k\u00f6nnen und d\u00fcrfen.<\/p>\n\n\n\n<p>Zur Gesunderhaltung und Stressabbau gibt es viele Wege und Techniken. Z.B. Yoga, Jogging, und vieles mehr. Diesen Anwendungen, &#8211; die alle ihre Vorteile haben, ist jedoch zu eigen, dass sie viel Zeit beanspruchen. Regelm\u00e4ssige \u00dcbung ist bei allen notwendig.<\/p>\n\n\n\n<p>Es gibt jedoch auch eine Technik, die Sie anwenden k\u00f6nnen w\u00e4hrend des Tages, bei Ihrer Arbeit, in allen Lebenssituationen. Sie beintr\u00e4chtigt Sie in keinster Weise; im Gegenteil, es gibt Ihnen jederzeit zus\u00e4tzliche geistige Frische, Kraft, und f\u00f6rdert Ihre Achtsamkeit.<\/p>\n\n\n\n<p>Dazu mehr im n\u00e4chsten Kapitel.<\/p>\n","protected":false},"excerpt":{"rendered":"<p>Sai Vital: Bauen Sie innere und k\u00f6rperliche St\u00e4rke auf Die Erhaltung innerer Gelassenheit und k\u00f6rperlicher St\u00e4rke ist so wichtig wie nie zuvor. Ein neuer sich einpr\u00e4gender Begriff daf\u00fcr ist \u201eResilienz\u201c. Was ist das? Resilienz ist Ausdruck der Seelenst\u00e4rke. In der Psychologie beschreibt der Begriff die F\u00e4higkeit, Krisen, R\u00fcckschl\u00e4ge oder Verluste zu meistern, ohne sich davon &hellip; <\/p>\n<p class=\"link-more\"><a href=\"https:\/\/sai-vital.de\/?page_id=366\" class=\"more-link\"><span class=\"screen-reader-text\">\u201eSeele und K\u00f6rper\u201c <\/span>weiterlesen<\/a><\/p>\n","protected":false},"author":1,"featured_media":0,"parent":0,"menu_order":0,"comment_status":"closed","ping_status":"closed","template":"","meta":{"footnotes":""},"_links":{"self":[{"href":"https:\/\/sai-vital.de\/index.php?rest_route=\/wp\/v2\/pages\/366"}],"collection":[{"href":"https:\/\/sai-vital.de\/index.php?rest_route=\/wp\/v2\/pages"}],"about":[{"href":"https:\/\/sai-vital.de\/index.php?rest_route=\/wp\/v2\/types\/page"}],"author":[{"embeddable":true,"href":"https:\/\/sai-vital.de\/index.php?rest_route=\/wp\/v2\/users\/1"}],"replies":[{"embeddable":true,"href":"https:\/\/sai-vital.de\/index.php?rest_route=%2Fwp%2Fv2%2Fcomments&post=366"}],"version-history":[{"count":6,"href":"https:\/\/sai-vital.de\/index.php?rest_route=\/wp\/v2\/pages\/366\/revisions"}],"predecessor-version":[{"id":384,"href":"https:\/\/sai-vital.de\/index.php?rest_route=\/wp\/v2\/pages\/366\/revisions\/384"}],"wp:attachment":[{"href":"https:\/\/sai-vital.de\/index.php?rest_route=%2Fwp%2Fv2%2Fmedia&parent=366"}],"curies":[{"name":"wp","href":"https:\/\/api.w.org\/{rel}","templated":true}]}}