{"id":388,"date":"2023-09-18T08:57:42","date_gmt":"2023-09-18T08:57:42","guid":{"rendered":"https:\/\/sai-vital.de\/?page_id=388"},"modified":"2023-09-18T15:10:08","modified_gmt":"2023-09-18T15:10:08","slug":"meine-efahrung-01","status":"publish","type":"page","link":"https:\/\/sai-vital.de\/?page_id=388","title":{"rendered":"Meine Efahrung"},"content":{"rendered":"\n<div class=\"wp-block-media-text is-stacked-on-mobile\"><figure class=\"wp-block-media-text__media\"><img loading=\"lazy\" decoding=\"async\" width=\"717\" height=\"913\" src=\"https:\/\/sai-vital.de\/wp-content\/uploads\/2023\/09\/Martin2b.jpg\" alt=\"\" class=\"wp-image-397 size-full\" srcset=\"https:\/\/sai-vital.de\/wp-content\/uploads\/2023\/09\/Martin2b.jpg 717w, https:\/\/sai-vital.de\/wp-content\/uploads\/2023\/09\/Martin2b-236x300.jpg 236w\" sizes=\"(max-width: 717px) 100vw, 717px\" \/><\/figure><div class=\"wp-block-media-text__content\">\n<p><\/p>\n\n\n\n<p>Neben meiner Ausbildung zum Bankkaufmann und anschlie\u00dfendem Studium zum Diplom-Kaufmmann sowie meiner Arbeit in der Wirtschaft im Bereich Entwicklung und Beratung (Schwerpunkt Immobilien) lag mein Interesse immer auch an fern\u00f6stlicher Heil- und Lebenskunde.<\/p>\n<\/div><\/div>\n\n\n\n<p><\/p>\n\n\n\n<p>Bereits als Teenager faszinierte mich \u201eTibet\u201c. Ich verschlang alle B\u00fccher und Bilderalben \u00fcber Land und Leute, Religion und Spiritualit\u00e4t, die die B\u00fcchereien hergaben. Mit 18 Jahren fand ich meinen ersten tibetischen Lehrer. \u00dcber ihn begegnete ich einigen grossen tibetischen Meistern, und lernte und praktizierte Buddhismus. Nach einigen Jahren lernte ich einen der letzten heute noch lebenden grossen Meister des Dzogchen kennen, <a href=\"http:\/\/sai-vital.de\/?page_id=297\" target=\"_blank\" rel=\"noreferrer noopener\" aria-label=\"Lopon Tenzin Namdak (\u00f6ffnet in neuem Tab)\">Lopon Tenzin Namdak<\/a>. Bei ihm vertieften sich die Praktiken in Retreats im Himalaya wie in der t\u00e4glichen Meditation. <\/p>\n\n\n\n<p>Im Jahre 1998 begab es sich, dass mir zwei indische Meister (wieder) vorgestellt wurden: <a rel=\"noreferrer noopener\" aria-label=\"Shirdi Sai Baba (\u00f6ffnet in neuem Tab)\" href=\"http:\/\/sai-vital.de\/?page_id=297\" target=\"_blank\">Shirdi Sai Baba<\/a>, und der damals noch sehr junge <a href=\"http:\/\/sai-vital.de\/?page_id=297\" target=\"_blank\" rel=\"noreferrer noopener\" aria-label=\"Swami Kaleshwar (\u00f6ffnet in neuem Tab)\">Swami Kaleshwar<\/a>, mein direkter Meister der letzten Jahre. Mit beiden pflege ich engen inneren Kontakt, und sie sind Quell meiner Inspiration wie meiner heilerischen und meditativen F\u00e4higkeiten. Sie intensivierten auch meinen Bezug zu Jesus, Mutter Maria, und ebneten meinen Pfad zur G\u00f6ttlichen Mutter. In Indien und auf vielen europ\u00e4ischen Veranstaltungen wurde ich zum Senior-Lehrer an der Seelen-Universit\u00e4t von Swami Kaleshwar ausgebildet. <\/p>\n\n\n\n<p>In den letzten beiden Jahrzehnten konnten eine Reihe Menschen \u00fcber mich mehr Gesundheit erfahren: durch Produkte von Sai Vital, energetische \u00dcbertragungen, Beratungen und Coaching. <\/p>\n\n\n\n<p>Dabei haben Viele festgestellt, dass neben der Reinigung des K\u00f6rpers und der Zuf\u00fchrung von Vitalstoffen auch energetischer \u00dcbertragung ein Ganzes bilden, die gesunde Menschen in ihrer Entwicklung die beste Grundlage f\u00fcr ein erf\u00fclltes gl\u00fcckliches Leben im Alltag und Fortschritte in der Spiritualit\u00e4t bieten.<\/p>\n\n\n\n<p>Das auf vielen Reisen und Jahren spiritueller Ausbildung gewonnene Wissen des Ostens bringe ich und andere Mitwirkende in Sai Vital zusammen mit den Kostbarkeiten der Natur. Diese Gesamtheit verhilft Menschen zu Gesundheit und innerer Entwicklung.<\/p>\n\n\n\n<p>Gerne unterst\u00fctzen wir auch Sie. In vielen Gesundheitsfragen und bzgl. Ihrer inneren und Ausgeglichenheit k\u00f6nnen wir Ihnen weiterhelfen. Sprechen Sie uns an, oder schreiben Sie an<\/p>\n\n\n\n<p><a href=\"mailto:info@Sai-Vital.com\">info@Sai-Vital.com<\/a><\/p>\n\n\n\n<p class=\"has-text-align-right\">Martin H\u00f6nig<\/p>\n","protected":false},"excerpt":{"rendered":"<p>Neben meiner Ausbildung zum Bankkaufmann und anschlie\u00dfendem Studium zum Diplom-Kaufmmann sowie meiner Arbeit in der Wirtschaft im Bereich Entwicklung und Beratung (Schwerpunkt Immobilien) lag mein Interesse immer auch an fern\u00f6stlicher Heil- und Lebenskunde. Bereits als Teenager faszinierte mich \u201eTibet\u201c. Ich verschlang alle B\u00fccher und Bilderalben \u00fcber Land und Leute, Religion und Spiritualit\u00e4t, die die B\u00fcchereien &hellip; <\/p>\n<p class=\"link-more\"><a href=\"https:\/\/sai-vital.de\/?page_id=388\" class=\"more-link\"><span class=\"screen-reader-text\">\u201eMeine Efahrung\u201c <\/span>weiterlesen<\/a><\/p>\n","protected":false},"author":1,"featured_media":0,"parent":0,"menu_order":0,"comment_status":"closed","ping_status":"closed","template":"","meta":{"footnotes":""},"_links":{"self":[{"href":"https:\/\/sai-vital.de\/index.php?rest_route=\/wp\/v2\/pages\/388"}],"collection":[{"href":"https:\/\/sai-vital.de\/index.php?rest_route=\/wp\/v2\/pages"}],"about":[{"href":"https:\/\/sai-vital.de\/index.php?rest_route=\/wp\/v2\/types\/page"}],"author":[{"embeddable":true,"href":"https:\/\/sai-vital.de\/index.php?rest_route=\/wp\/v2\/users\/1"}],"replies":[{"embeddable":true,"href":"https:\/\/sai-vital.de\/index.php?rest_route=%2Fwp%2Fv2%2Fcomments&post=388"}],"version-history":[{"count":5,"href":"https:\/\/sai-vital.de\/index.php?rest_route=\/wp\/v2\/pages\/388\/revisions"}],"predecessor-version":[{"id":402,"href":"https:\/\/sai-vital.de\/index.php?rest_route=\/wp\/v2\/pages\/388\/revisions\/402"}],"wp:attachment":[{"href":"https:\/\/sai-vital.de\/index.php?rest_route=%2Fwp%2Fv2%2Fmedia&parent=388"}],"curies":[{"name":"wp","href":"https:\/\/api.w.org\/{rel}","templated":true}]}}