{"id":82,"date":"2020-02-08T15:50:14","date_gmt":"2020-02-08T15:50:14","guid":{"rendered":"http:\/\/sai-vital.de\/?page_id=82"},"modified":"2020-02-15T15:06:44","modified_gmt":"2020-02-15T15:06:44","slug":"mutter-erde","status":"publish","type":"page","link":"https:\/\/sai-vital.de\/?page_id=82","title":{"rendered":"Mutter Erde"},"content":{"rendered":"\n<p>Mutter Erde ist unsere gro\u00dfe Gastgeberin. Und das Wesen\nMenschheit mit den einzelnen Zellen Mensch ist Gast auf der Erde. Diese\nErkenntnis und Einstellung ist eine Grundbedingung f\u00fcr ein Leben im Einklang\nmit allem Sein. <\/p>\n\n\n\n<p><strong>Mantra<\/strong><\/p>\n\n\n\n<p>Die gro\u00dfen spirituellen Meister*innen arbeiteten&nbsp; und arbeiten (in Meditation) mit der Kraft des Wortes in Form von Mantren und Gebeten. Bestimmte Mantren rufen einzelne \u201eElemente\u201c bzw. an bzw. gehen mit diesen auf Schwingungsresonanz Das ganze Universum besteht aus den f\u00fcnf Elementen Erde, Feuer, \u00c4ther (Himmel), Wasser und Luft. Alles, das eine Form annimmt, vom einfachsten Stein bis&nbsp; zu einem G\u00f6ttlichen Wesen, besteht aus einem Mix dieser Substanzen bzw. ihren Schwingungen , und wird von ihnen beeinflusst.&nbsp; <\/p>\n\n\n\n<p><strong>Die f\u00fcnf Elemente<\/strong><\/p>\n\n\n\n<p>Um&nbsp; im Leben gesund zu bleiben, und spirituell voranzuschreiten, gilt es, unseren K\u00f6rper und unsere Seele<\/p>\n\n\n\n<p>zu reinigen. Dies ist uns m\u00f6glich durch Reinigen des K\u00f6rpers, und auch durch die Anwendung dieser heiligen Worte .<\/p>\n\n\n\n<p>Es sind Worte, die vor Tausenden von Jahren f\u00fcr genau diesen Zweck \u201ekreiert\u201c, oder besser: \u201einnerlich geh\u00f6rt\u201c wurden.<\/p>\n\n\n\n<p>Kreiert von Heiligen. Sie schrieben diese Worte und Silben oft auf Palmbl\u00e4tter nieder. <\/p>\n\n\n\n<p>Es sind hochwirksame Gebete und Anrufungen, und diejenigen, die sie mit dem Herzen sprechen und rezitieren, erfahren eine wunderbare Wandlung. Die Sch\u00f6pfungskraft liegt im verborgenen Wort . Nutzen wir wieder die Kraft der Sch\u00f6pfung mit den \u00e4ltesten Gebeten und Anrufungen.<\/p>\n\n\n\n<p><strong>Die M\u00fctter des Lebens<\/strong><\/p>\n\n\n\n<p>Paracelsus&nbsp; nannte die Elemente&nbsp; die vier M\u00fctter des Lebens, zu denen das alles verbindende f\u00fcnfte Element, die Quintessenz von allem, hinzugerechnet wird. Er sah in der Luft, Tr\u00e4gerin und \u00dcbermittlerin des h\u00f6chsten Seins, das edelste Element. Die Luft ern\u00e4hrt das Element Feuer; dieses ist nach seiner Sicht die Seele des Menschen, w\u00e4hrend das Feuer sein mentaler Leib sei. Das Wasser ist das lebenserhaltende Prinzip, oder die Urkraft des Lebens. Die Erde ist der Korpus, die sinnlich erfassbare Welt. <\/p>\n\n\n\n<p>Die Mantren der f\u00fcnf Elemente sind die Basis vieler weiterf\u00fchrenden Systeme zur Entwicklung der Seele, die Sri Swami Kaleshwar in Indien gelehrt hat. Die Beherr-schung dieser Elemente bedeutet Heilung von k\u00f6rperlichen, seelischen und geistigen Belastungen. Er sagte:<\/p>\n\n\n\n<p><em>&#8222;Wenn die F\u00fcnf Elemente in euch wirklich stark sind,<br> dann k\u00f6nnt ihr die Illusionen durchbrechen.\u201c<br> <br><\/em>Das Erlernen und Implementieren der inneren Welt der Elemente ist ein hochenergetischer spiritueller Prozess. Wann und wo Sie es erlernen k\u00f6nnen, gibt Ihnen das Team von Sai Vital gerne auf Anfrage. Schreiben Sie bitte an<\/p>\n\n\n\n<p><strong><a href=\"mailto:info@Sai-Vital.com\">info@Sai-Vital.com<\/a><\/strong><\/p>\n\n\n\n<hr class=\"wp-block-separator\"\/>\n","protected":false},"excerpt":{"rendered":"<p>Mutter Erde ist unsere gro\u00dfe Gastgeberin. Und das Wesen Menschheit mit den einzelnen Zellen Mensch ist Gast auf der Erde. Diese Erkenntnis und Einstellung ist eine Grundbedingung f\u00fcr ein Leben im Einklang mit allem Sein. Mantra Die gro\u00dfen spirituellen Meister*innen arbeiteten&nbsp; und arbeiten (in Meditation) mit der Kraft des Wortes in Form von Mantren und &hellip; <\/p>\n<p class=\"link-more\"><a href=\"https:\/\/sai-vital.de\/?page_id=82\" class=\"more-link\"><span class=\"screen-reader-text\">\u201eMutter Erde\u201c <\/span>weiterlesen<\/a><\/p>\n","protected":false},"author":1,"featured_media":88,"parent":0,"menu_order":0,"comment_status":"closed","ping_status":"closed","template":"","meta":{"footnotes":""},"_links":{"self":[{"href":"https:\/\/sai-vital.de\/index.php?rest_route=\/wp\/v2\/pages\/82"}],"collection":[{"href":"https:\/\/sai-vital.de\/index.php?rest_route=\/wp\/v2\/pages"}],"about":[{"href":"https:\/\/sai-vital.de\/index.php?rest_route=\/wp\/v2\/types\/page"}],"author":[{"embeddable":true,"href":"https:\/\/sai-vital.de\/index.php?rest_route=\/wp\/v2\/users\/1"}],"replies":[{"embeddable":true,"href":"https:\/\/sai-vital.de\/index.php?rest_route=%2Fwp%2Fv2%2Fcomments&post=82"}],"version-history":[{"count":3,"href":"https:\/\/sai-vital.de\/index.php?rest_route=\/wp\/v2\/pages\/82\/revisions"}],"predecessor-version":[{"id":285,"href":"https:\/\/sai-vital.de\/index.php?rest_route=\/wp\/v2\/pages\/82\/revisions\/285"}],"wp:featuredmedia":[{"embeddable":true,"href":"https:\/\/sai-vital.de\/index.php?rest_route=\/wp\/v2\/media\/88"}],"wp:attachment":[{"href":"https:\/\/sai-vital.de\/index.php?rest_route=%2Fwp%2Fv2%2Fmedia&parent=82"}],"curies":[{"name":"wp","href":"https:\/\/api.w.org\/{rel}","templated":true}]}}