{"id":90,"date":"2020-02-08T16:24:50","date_gmt":"2020-02-08T16:24:50","guid":{"rendered":"http:\/\/sai-vital.de\/?page_id=90"},"modified":"2020-02-20T08:23:10","modified_gmt":"2020-02-20T08:23:10","slug":"p-bentonit","status":"publish","type":"page","link":"https:\/\/sai-vital.de\/?page_id=90","title":{"rendered":"P-Bentonit"},"content":{"rendered":"\n<div class=\"wp-block-columns has-2-columns is-layout-flex wp-container-core-columns-layout-1 wp-block-columns-is-layout-flex\">\n<div class=\"wp-block-column is-layout-flow wp-block-column-is-layout-flow\">\n<figure class=\"wp-block-image is-resized\"><img loading=\"lazy\" decoding=\"async\" src=\"http:\/\/sai-vital.de\/wp-content\/uploads\/2020\/02\/P-Betonit-e1581176599621.png\" alt=\"\" class=\"wp-image-43\" width=\"329\" height=\"312\" srcset=\"https:\/\/sai-vital.de\/wp-content\/uploads\/2020\/02\/P-Betonit-e1581176599621.png 534w, https:\/\/sai-vital.de\/wp-content\/uploads\/2020\/02\/P-Betonit-e1581176599621-300x285.png 300w\" sizes=\"(max-width: 329px) 100vw, 329px\" \/><figcaption><a href=\"http:\/\/sai-vital.de\/?page_id=57\" target=\"_blank\" rel=\"noreferrer noopener\" aria-label=\"Hier bestellen (\u00f6ffnet in neuem Tab)\">Hier bestellen<\/a><\/figcaption><\/figure>\n\n\n\n<p>Montmorillonit, das Wirkmineral in Bentonit, ist ein alkalisches Silizium-mineral aus Vulkanasche. SAI VITAL P-Bentonit enth\u00e4lt neben den Schalen von Flohsamen (Psyllium) ultrafein mikronisiertes Bentonit-Pulver von h\u00f6chster Qualit\u00e4t und kann somit noch besser Gifte und \u201efreie Radikale\u201c im Darm binden und aus dem K\u00f6rper ausleiten. Damit wird der Darm sowie die Entgiftungsorgane wie Leber und Nieren entlastet. <br>SAI VITAL P-Bentonit ist hervorragend zur Darmregulierung und dem Aufbau einer gesunden Darmflora geeignet. Entgiftet, ent-s\u00e4uert. W\u00e4hrend Psyllium den Darm ausr\u00e4umt, gl\u00e4ttet Bentonit und hilft dadurch auch bei Magen- und Darmentz\u00fcndungen. Es kann bis zum 180-fachen des Eigengewichts absorbieren, so z.B. von Psyllium losgel\u00f6ste Darmablagerungen und Mikroorganismen. Deshalb sollte Aktiv-Bentonit Bestandteil jeder Darmrein-igung sein. Bentonit verbessert die Darmflora, indem die Mineralerde Schadstoffe absorbiert, und damit die Darmflora neu einregelt (die guten Bakterien bleiben erhalten, die schlechten werden ausgeschwemmt). Zus\u00e4tzlich bietet Bentonit den n\u00fctzlichen Darmbakterien aufgrund seiner besonders gro\u00dfen Oberfl \u00e4che viel Besiedlungsraum und steigert damit deren Anzahl. Im K\u00f6rper befindliche freie Radikale sind positiv geladen, Bentonit-Erde dagegen negativ. Bentonit zieht somit sch\u00e4dliche (auch radioaktive) Partikel wie ein Magnet an sich, bindet diese und nimmt sie mit sich aus dem K\u00f6rper hinaus. Bentonit saugt nur Partikel auf, die f\u00fcr den K\u00f6rper sch\u00e4dlich sind. N\u00fctzliches jedoch bleibt dem Organismus erhalten. <strong>Ergebnisse sind eine gesunde oder evtl. ges\u00fcndere Gesamtkonstitution, st\u00e4rkere Abwehrkr\u00e4fte und ein strahlend sch\u00f6nes Aussehen.<\/strong><\/p>\n<\/div>\n\n\n\n<div class=\"wp-block-column is-layout-flow wp-block-column-is-layout-flow\">\n<p><strong>SAI-VITAL P-Bentonit ist eine Mischung aus Flohsamenschalen und Mineralerde, f\u00fcr den t\u00e4glichen Verzehr geeignet, und tr\u00e4gt zudem bei zur Darmreinigung und Entgiftung des K\u00f6rpers f\u00fcr nat\u00fcrliche Sch\u00f6nheit von innen.<\/strong><\/p>\n\n\n\n<ul><li><strong>Entgiftung des K\u00f6rpers, Befreiung von Schadstoffen, Schwermetallaus-leitung<\/strong><\/li><li><strong>Bindet freie Radikale und schwemmt diese aus.<\/strong><\/li><li><strong>Erh\u00f6hung der Stabilit\u00e4t des Immunsystems und derWiderstandsf\u00e4higkeit<\/strong><\/li><li><strong>Regulierung des Mineralstoffwechsels<\/strong><\/li><li><strong>Regulierung der Funktionen des Kreislaufs, des Nervensystems und der Verdauung<\/strong><\/li><li><strong>Erh\u00f6hung geistiger und k\u00f6rperlicher Leistungsf\u00e4higkeit<\/strong><\/li><li><strong>Entz\u00fcndungshemmung und Beschleunigung der Heilung<\/strong><\/li><li><strong>Hautversch\u00f6nernd. Hemmung des Alterungsprozesses<\/strong><\/li><li><strong>Antibakterielle, antivirale und Anti-Pilz-Wirkung<\/strong><\/li><li><strong>Stressreduzierend und sanfte Wirkung auf den Schlaf<\/strong><\/li><li><strong>Erh\u00f6ht die Bio-Verf\u00fcgbarkeit von wichtigen Vitalstoffen aus Nahrungs-mitteln<\/strong><\/li><li><strong>Abschw\u00e4chung der Nebenwirkungen von Pharmaka u.a.<\/strong><\/li><li><strong>Abschw\u00e4chung der Wirkung von Genussmittel wie Alkohol, Koffein, Nikotin<\/strong><\/li><li><strong>zur Vorbeugung und Gesund-erhaltung<\/strong><\/li><li><strong>f\u00fcr Sporttreibende zur Aufrechterhaltung des Leistungsniveaus<\/strong><\/li><\/ul>\n\n\n\n<p><strong>Inhaltsstoffe: <\/strong><br>Ultrafein mikronisiertes Bentonit und Flohsamenschalen,frei von Zusatzstoffen.<\/p>\n\n\n\n<p><strong>Einnahmeempfehlung:<\/strong><br>T\u00e4glich in Fl\u00fcssigkeit einr\u00fchren, und trinken, am besten vor den Mahlzeiten. Alternativ \u00fcber Frischkorngericht \/ M\u00fcsli geben, und verzehren. Oder trocken einnehmen. Viel Fl\u00fcssigkeit nachtrinken! Am ges\u00fcndesten ist es, P-Bentonit im Glas 5-10 Min quellen zu lassen. Danach vor dem Trinken nochmals kr\u00e4ftig umr\u00fchren.<\/p>\n<\/div>\n<\/div>\n\n\n\n<p><strong>Wichtige Hinweise:<\/strong><\/p>\n\n\n\n<p>Die Ern\u00e4hrung sollte abwechslungsreich und  ausgewogen sein, denn der K\u00f6rper braucht Vitamine, Mineralstoffe,  Spurenelemente und andere Vitalstoffe zur Erhaltung seiner  Leistungsf\u00e4higkeit und Abwehrkraft. Nahrungserg\u00e4nzungsmittel sollen  nicht als Ersatz f\u00fcr eine ausgewogene und abwechslungsreiche Ern\u00e4hrung  und eine gesunde Lebensweise dienen, sind aber als Erg\u00e4nzung sinnvoll.  Achten Sie auf eine abwechslungsreiche Ern\u00e4hrung und auf gen\u00fcgend  Bewegung. Eine Garantie oder ein Versprechen zur Besserung ihrer  Gesundheit und Wohlbefinden d\u00fcrfen wir nicht abgeben.&nbsp; Au\u00dferhalb der  Reichweite kleiner Kinder aufbewahren. K\u00fchl, trocken, lichtgesch\u00fctzt und  gut verschlossen aufbewahren.<\/p>\n\n\n\n<p> Das Natur-Zeolith Bentonit ist in der Europ\u00e4ischen Union als  Zusatzstoff in der Tierern\u00e4hrung f\u00fcr alle Tierarten zugelassen, und wird  mit E567 und E568 bezeichnet. Dieses kostbare Geschenk der Natur darf  somit in der EU nicht auf dem Produkt selbst mit einer Verzehrmenge  empfohlen werden <\/p>\n\n\n\n<p>Aufgrund der EU Verordnung 1924\/2006 m\u00fcssen wir einen grossen Teil unserer Produktinformationen \u00fcberarbeiten. F\u00fcr die meisten Nahrungserg\u00e4nzungsmittel und Kr\u00e4uter sind nur noch sehr eingeschr\u00e4nkte Aussagen zul\u00e4ssig. Bitte informieren Sie sich \u00fcber die einschl\u00e4gige Fachliteratur oder im Internet.<\/p>\n\n\n\n<p><em>Kapselmaterial: <\/em>pflanzliche Zellulose (HPMC), klar ohne Farbstoffe, ohne Aromastoffe, ohne Geschmacksveredler.<br>Unsere  Vegi-Kapseln stammen aus hochwertiger  Qualit\u00e4tsproduktion. Sie sind frei von Schweinefleischsubstanzen und  entsprechen den Koscher- und Halal- Bestimmungen. Frei von Laktose,  Konservierungs- und Farbstoffen und f\u00fcr Diabetiker und Vegetarier  geeignet. Deutsche Lebensmittel Analyse liegt vor.<\/p>\n\n\n\n<p><strong>Die Produkte von Sai Vital sind FREI von:<\/strong><br>Sorbitol,\n Trennmittel, Konservierungsstoffen, Tr\u00e4gerstoffen, Hilfssubstanzen, \ngentechnisch ver\u00e4nderten Stoffen, k\u00fcnstlichen Geschmacksstoffen, Weizen,\n N\u00fcssen, Fruktose, Soja, Speisest\u00e4rke, Fisch Derivaten, Natrium, Hefe \nund Ei.<\/p>\n\n\n\n<p>Aufgrund Bundesdeutscher Gesetzeslage sind wir verpflichtet auf Folgendes hinzuweisen:<\/p>\n\n\n\n<p>Alle in unserem Shop angebotenen Produkte, \nunabh\u00e4ngig von deren 1A Qualit\u00e4t und Reinheit, werden von uns \nausschlie\u00dflich als Naturrohstoffe verkauft und als diese von Ihnen \nerworben.<br>Unsere Rohstoffe sind immer aus frischer Ernte und werden konstant gepr\u00fcft auf Qualit\u00e4t und Schadstoffe.<\/p>\n\n\n\n<p>Wir d\u00fcrfen Ihnen von Rechtswegen \nbedauerlicherweise keine Informationen zur Anwendung geben. \nBeschreibungen zu Historie, Herkunft und traditioneller Bedeutung \nunserer Naturrohstoffe stellen wir Ihnen in den Artikelbeschreibungen \ndennoch zur Verf\u00fcgung, denn wir m\u00f6chten diese Sch\u00e4tze der Natur mit \nIhnen teilen. F\u00fcr Informationen zur Anwendung von Heilkr\u00e4utern beraten \nSie sich bitte mit Ihrer Apotheke. Vielen Dank f\u00fcr Ihr Verst\u00e4ndnis.<\/p>\n\n\n\n<p>\u00a9 Sai Vital<\/p>\n\n\n\n<p><strong><em>Abmahnungen<\/em><\/strong><\/p>\n\n\n\n<p><em>Eine Abmahnung ohne vorherigen Kontakt wird  unter Bezug auf \u00a7 8 Abs. 4 UWG nicht akzeptiert. Im Falle, dass  irgendein Inhalt, das Design einzelner Seiten, Bilder oder Grafiken  Rechte Dritter oder gesetzliche Bestimmungen verletzen oder ber\u00fchren  oder anderweitig in irgendeiner Form wettbewerbsrechtliche Probleme  hervorbringen k\u00f6nnten, erwarten wir unverz\u00fcglich eine angemessene und  ausreichend erl\u00e4uternde Nachricht ohne Kostennote an info@Sai-Vital.com oder im Impressum angegebene Adresse.<\/em><\/p>\n\n\n\n<p><em>Wir werden dann unverz\u00fcglich sicherstellen, \ndass die ggf. zu Recht beanstandeten Passagen, Bilder oder Inhalte der \nWebsite&nbsp;sofort entfernt und\/oder an die rechtlichen und gesetzlichen \nVorgaben in vollem Umfang angepasst werden.<\/em><\/p>\n\n\n\n<p><em>Eine Einschaltung eines Rechtsbeistandes von\n Ihrer Seite aus ist nicht erforderlich. Die zeitaufw\u00e4ndigere \nEinschaltung eines Anwaltes oder Abmahnvereins zur Erwirkung einer f\u00fcr \nuns kostenpflichtigen Abmahnung oder Rechnungsstellung f\u00fcr \nLizenzgeb\u00fchren wegen Urheberrechtsverletzungen entspricht nicht dem \ntats\u00e4chlichen oder mutma\u00dflichen Willen und wird daher nicht akzeptiert.<\/em><\/p>\n","protected":false},"excerpt":{"rendered":"<p>Montmorillonit, das Wirkmineral in Bentonit, ist ein alkalisches Silizium-mineral aus Vulkanasche. SAI VITAL P-Bentonit enth\u00e4lt neben den Schalen von Flohsamen (Psyllium) ultrafein mikronisiertes Bentonit-Pulver von h\u00f6chster Qualit\u00e4t und kann somit noch besser Gifte und \u201efreie Radikale\u201c im Darm binden und aus dem K\u00f6rper ausleiten. Damit wird der Darm sowie die Entgiftungsorgane wie Leber und Nieren &hellip; <\/p>\n<p class=\"link-more\"><a href=\"https:\/\/sai-vital.de\/?page_id=90\" class=\"more-link\"><span class=\"screen-reader-text\">\u201eP-Bentonit\u201c <\/span>weiterlesen<\/a><\/p>\n","protected":false},"author":1,"featured_media":0,"parent":0,"menu_order":0,"comment_status":"closed","ping_status":"closed","template":"","meta":{"footnotes":""},"_links":{"self":[{"href":"https:\/\/sai-vital.de\/index.php?rest_route=\/wp\/v2\/pages\/90"}],"collection":[{"href":"https:\/\/sai-vital.de\/index.php?rest_route=\/wp\/v2\/pages"}],"about":[{"href":"https:\/\/sai-vital.de\/index.php?rest_route=\/wp\/v2\/types\/page"}],"author":[{"embeddable":true,"href":"https:\/\/sai-vital.de\/index.php?rest_route=\/wp\/v2\/users\/1"}],"replies":[{"embeddable":true,"href":"https:\/\/sai-vital.de\/index.php?rest_route=%2Fwp%2Fv2%2Fcomments&post=90"}],"version-history":[{"count":17,"href":"https:\/\/sai-vital.de\/index.php?rest_route=\/wp\/v2\/pages\/90\/revisions"}],"predecessor-version":[{"id":340,"href":"https:\/\/sai-vital.de\/index.php?rest_route=\/wp\/v2\/pages\/90\/revisions\/340"}],"wp:attachment":[{"href":"https:\/\/sai-vital.de\/index.php?rest_route=%2Fwp%2Fv2%2Fmedia&parent=90"}],"curies":[{"name":"wp","href":"https:\/\/api.w.org\/{rel}","templated":true}]}}